{"id":312,"date":"2025-12-11T07:57:31","date_gmt":"2025-12-11T07:57:31","guid":{"rendered":"https:\/\/grey-hamster-728520.hostingersite.com\/services\/"},"modified":"2026-01-19T12:56:45","modified_gmt":"2026-01-19T12:56:45","slug":"servicios","status":"publish","type":"page","link":"https:\/\/grupoalzia.com\/en\/servicios\/","title":{"rendered":"Services"},"content":{"rendered":"<div class=\"wp-block-uagb-container uagb-block-30d7bc21 alignfull uagb-is-root-container\"><div class=\"uagb-container-inner-blocks-wrap\">\n<div class=\"wp-block-uagb-advanced-heading uagb-block-1a286152\"><h4 class=\"uagb-heading-text\">Servicios Grupo Alzia<\/h4><\/div>\n\n\n\n<div data-aos= \"fade-up\" data-aos-duration=\"400\" data-aos-delay=\"0\" data-aos-easing=\"ease\" data-aos-once=\"true\" class=\"wp-block-uagb-advanced-heading uagb-block-cd14e455\"><h1 class=\"uagb-heading-text\">L\u00edneas de actuaci\u00f3n<\/h1><div class=\"uagb-separator\"><\/div><p class=\"uagb-desc-text\">Una estructura integral al servicio de la gesti\u00f3n y optimizaci\u00f3n de activos inmobiliarios.<\/p><\/div>\n<\/div><\/div>\n\n\n\n<div class=\"wp-block-uagb-container uagb-block-76686eff alignfull uagb-is-root-container\"><div class=\"uagb-container-inner-blocks-wrap\">\n<div class=\"wp-block-uagb-advanced-heading uagb-block-b7529bdb\"><h2 class=\"uagb-heading-text\">\u00bfPor qu\u00e9 es tan importante?<\/h2><p class=\"uagb-desc-text\">Los servicios de Grupo Alzia se articulan como una estructura de gesti\u00f3n integral que acompa\u00f1a al activo inmobiliario en todas sus fases. No operamos como proveedores independientes, sino como un equipo coordinado que act\u00faa desde una visi\u00f3n global, alineando estrategia, ejecuci\u00f3n y control.<br><br>Cada servicio responde a una necesidad concreta del proyecto, pero siempre se integra dentro de un marco com\u00fan de planificaci\u00f3n y toma de decisiones orientado a la creaci\u00f3n de valor a largo plazo.<\/p><div class=\"uagb-separator\"><\/div><\/div>\n<\/div><\/div>\n\n\n\n<div class=\"wp-block-uagb-container uagb-block-7bf30896 alignfull uagb-is-root-container\"><div class=\"uagb-container-inner-blocks-wrap\">\n<div class=\"wp-block-uagb-container uagb-block-95107aaa\">\n<div class=\"wp-block-uagb-advanced-heading uagb-block-35772a5c\"><\/div>\n\n\n\n<div class=\"wp-block-uagb-advanced-heading uagb-block-2b5f49af\"><h3 class=\"uagb-heading-text\">Servicios integrados, no actuaciones aisladas<\/h3><div class=\"uagb-separator\"><\/div><p class=\"uagb-desc-text\">En Grupo Alzia entendemos que la correcta gesti\u00f3n de un activo inmobiliario requiere coherencia entre todas las \u00e1reas que intervienen en su desarrollo y explotaci\u00f3n. Por este motivo, nuestros servicios est\u00e1n dise\u00f1ados para trabajar de forma interconectada, compartiendo informaci\u00f3n, criterios y objetivos.<br><br>Esta integraci\u00f3n nos permite anticipar riesgos, optimizar recursos y asegurar que cada decisi\u00f3n t\u00e9cnica, legal, econ\u00f3mica u operativa est\u00e9 alineada con la estrategia global del proyecto.<\/p><\/div>\n<\/div>\n<\/div><\/div>\n\n\n\n<div class=\"wp-block-uagb-container uagb-block-f24b3528 alignfull uagb-is-root-container\"><div class=\"uagb-container-inner-blocks-wrap\">\n<div class=\"wp-block-uagb-advanced-heading uagb-block-deda5b38\"><h2 class=\"uagb-heading-text\">\u00c1reas de actuaci\u00f3n<\/h2><p class=\"uagb-desc-text\">Nuestra gesti\u00f3n integral se articula a trav\u00e9s de seis \u00e1reas de actuaci\u00f3n que cubren de forma coordinada todas las necesidades del activo inmobiliario.<\/p><div class=\"uagb-separator\"><\/div><\/div>\n<\/div><\/div>\n\n\n\n<div class=\"wp-block-uagb-container uagb-block-1f082917 alignfull uagb-is-root-container\"><div class=\"uagb-container-inner-blocks-wrap\">\n<div class=\"wp-block-uagb-container uagb-block-cb51aae9\">\n<div class=\"wp-block-uagb-advanced-heading uagb-block-f2106941\"><h6 class=\"uagb-heading-text\">01<\/h6><\/div>\n\n\n\n<div class=\"wp-block-uagb-advanced-heading uagb-block-1ae7d129\"><h3 class=\"uagb-heading-text\">Project Management<\/h3><div class=\"uagb-separator\"><\/div><p class=\"uagb-desc-text\">Asumimos la direcci\u00f3n y coordinaci\u00f3n integral de proyectos inmobiliarios, desde la fase inicial de definici\u00f3n hasta su completa ejecuci\u00f3n. Nuestro enfoque garantiza el cumplimiento de plazos, presupuestos y objetivos, actuando como interlocutor \u00fanico entre todos los agentes implicados.<\/p><\/div>\n\n\n\n<div class=\"wp-block-uagb-buttons uagb-buttons__outer-wrap uagb-btn__default-btn uagb-btn-tablet__default-btn uagb-btn-mobile__default-btn uagb-block-1975dc87\"><div class=\"uagb-buttons__wrap uagb-buttons-layout-wrap\">\n<div class=\"wp-block-uagb-buttons-child uagb-buttons__outer-wrap uagb-block-ed7174a7 wp-block-button\"><div class=\"uagb-button__wrapper\"><a class=\"uagb-buttons-repeater wp-block-button__link\" aria-label=\"\" href=\"#\" rel=\"follow noopener\" target=\"_self\" role=\"button\"><div class=\"uagb-button__link\">VER PROJECT MANAGEMENT<\/div><\/a><\/div><\/div>\n<\/div><\/div>\n<\/div>\n\n\n\n<div class=\"wp-block-uagb-container uagb-block-171fdc51\">\n<div class=\"wp-block-uagb-image uagb-block-412be4db wp-block-uagb-image--layout-default wp-block-uagb-image--effect-static wp-block-uagb-image--align-none\"><figure class=\"wp-block-uagb-image__figure\"><img decoding=\"async\" srcset=\"https:\/\/grupoalzia.com\/wp-content\/uploads\/2026\/01\/project-management-1024x683.png ,https:\/\/grupoalzia.com\/wp-content\/uploads\/2026\/01\/project-management.png 780w, https:\/\/grupoalzia.com\/wp-content\/uploads\/2026\/01\/project-management.png 360w\" sizes=\"auto, (max-width: 480px) 150px\" src=\"https:\/\/grupoalzia.com\/wp-content\/uploads\/2026\/01\/project-management-1024x683.png\" alt=\"\" class=\"uag-image-636\" width=\"1024\" height=\"683\" title=\"project management\" loading=\"lazy\" role=\"img\"\/><\/figure><\/div>\n<\/div>\n<\/div><\/div>\n\n\n\n<div class=\"wp-block-uagb-container uagb-block-cd8c07d3 alignfull uagb-is-root-container\"><div class=\"uagb-container-inner-blocks-wrap\">\n<div class=\"wp-block-uagb-container uagb-block-c8c311e7\">\n<div class=\"wp-block-uagb-image uagb-block-a695d2a7 wp-block-uagb-image--layout-default wp-block-uagb-image--effect-static wp-block-uagb-image--align-none\"><figure class=\"wp-block-uagb-image__figure\"><img decoding=\"async\" srcset=\"https:\/\/grupoalzia.com\/wp-content\/uploads\/2026\/01\/consultoria-tecnica-1024x683.png ,https:\/\/grupoalzia.com\/wp-content\/uploads\/2026\/01\/consultoria-tecnica.png 780w, https:\/\/grupoalzia.com\/wp-content\/uploads\/2026\/01\/consultoria-tecnica.png 360w\" sizes=\"auto, (max-width: 480px) 150px\" src=\"https:\/\/grupoalzia.com\/wp-content\/uploads\/2026\/01\/consultoria-tecnica-1024x683.png\" alt=\"\" class=\"uag-image-637\" width=\"1024\" height=\"683\" title=\"consultoria tecnica\" loading=\"lazy\" role=\"img\"\/><\/figure><\/div>\n<\/div>\n\n\n\n<div class=\"wp-block-uagb-container uagb-block-cf0aa823\">\n<div class=\"wp-block-uagb-advanced-heading uagb-block-673e3959\"><h6 class=\"uagb-heading-text\">02<\/h6><\/div>\n\n\n\n<div class=\"wp-block-uagb-advanced-heading uagb-block-4ebb2dd0\"><h3 class=\"uagb-heading-text\">Technical Consulting<\/h3><div class=\"uagb-separator\"><\/div><p class=\"uagb-desc-text\">Prestamos servicios de an\u00e1lisis t\u00e9cnico, estudios de viabilidad, due diligence y direcci\u00f3n t\u00e9cnica, aportando criterio y rigor en la toma de decisiones que afectan al desarrollo y estado del activo.<\/p><\/div>\n\n\n\n<div class=\"wp-block-uagb-buttons uagb-buttons__outer-wrap uagb-btn__default-btn uagb-btn-tablet__default-btn uagb-btn-mobile__default-btn uagb-block-05b0fea5\"><div class=\"uagb-buttons__wrap uagb-buttons-layout-wrap\">\n<div class=\"wp-block-uagb-buttons-child uagb-buttons__outer-wrap uagb-block-4374f426 wp-block-button\"><div class=\"uagb-button__wrapper\"><a class=\"uagb-buttons-repeater wp-block-button__link\" aria-label=\"\" href=\"#\" rel=\"follow noopener\" target=\"_self\" role=\"button\"><div class=\"uagb-button__link\">ver consultor\u00eda t\u00e9cnica<\/div><\/a><\/div><\/div>\n<\/div><\/div>\n<\/div>\n<\/div><\/div>\n\n\n\n<div class=\"wp-block-uagb-container uagb-block-b3adff06 alignfull uagb-is-root-container\"><div class=\"uagb-container-inner-blocks-wrap\">\n<div class=\"wp-block-uagb-container uagb-block-85a074dd\">\n<div class=\"wp-block-uagb-advanced-heading uagb-block-82227122\"><h6 class=\"uagb-heading-text\">03<\/h6><\/div>\n\n\n\n<div class=\"wp-block-uagb-advanced-heading uagb-block-2dd10dca\"><h3 class=\"uagb-heading-text\">Facility Management<\/h3><div class=\"uagb-separator\"><\/div><p class=\"uagb-desc-text\">Gestionamos de forma integral el mantenimiento y la operaci\u00f3n de los activos, asegurando su correcto funcionamiento, eficiencia operativa y conservaci\u00f3n a largo plazo, siempre alineados con los objetivos estrat\u00e9gicos del propietario.<\/p><\/div>\n\n\n\n<div class=\"wp-block-uagb-buttons uagb-buttons__outer-wrap uagb-btn__default-btn uagb-btn-tablet__default-btn uagb-btn-mobile__default-btn uagb-block-12b66537\"><div class=\"uagb-buttons__wrap uagb-buttons-layout-wrap\">\n<div class=\"wp-block-uagb-buttons-child uagb-buttons__outer-wrap uagb-block-884851c6 wp-block-button\"><div class=\"uagb-button__wrapper\"><a class=\"uagb-buttons-repeater wp-block-button__link\" aria-label=\"\" href=\"#\" rel=\"follow noopener\" target=\"_self\" role=\"button\"><div class=\"uagb-button__link\">VER FACILITY MANAGEMENT<\/div><\/a><\/div><\/div>\n<\/div><\/div>\n<\/div>\n\n\n\n<div class=\"wp-block-uagb-container uagb-block-a988b8bf\">\n<div class=\"wp-block-uagb-image uagb-block-a71235c7 wp-block-uagb-image--layout-default wp-block-uagb-image--effect-static wp-block-uagb-image--align-none\"><figure class=\"wp-block-uagb-image__figure\"><img decoding=\"async\" srcset=\"https:\/\/grupoalzia.com\/wp-content\/uploads\/2026\/01\/facility-management-1024x683.png ,https:\/\/grupoalzia.com\/wp-content\/uploads\/2026\/01\/facility-management.png 780w, https:\/\/grupoalzia.com\/wp-content\/uploads\/2026\/01\/facility-management.png 360w\" sizes=\"auto, (max-width: 480px) 150px\" src=\"https:\/\/grupoalzia.com\/wp-content\/uploads\/2026\/01\/facility-management-1024x683.png\" alt=\"\" class=\"uag-image-638\" width=\"1024\" height=\"683\" title=\"facility management\" loading=\"lazy\" role=\"img\"\/><\/figure><\/div>\n<\/div>\n<\/div><\/div>\n\n\n\n<div class=\"wp-block-uagb-container uagb-block-1670b275 alignfull uagb-is-root-container\"><div class=\"uagb-container-inner-blocks-wrap\">\n<div class=\"wp-block-uagb-container uagb-block-ccae0a32\">\n<div class=\"wp-block-uagb-image uagb-block-7005a088 wp-block-uagb-image--layout-default wp-block-uagb-image--effect-static wp-block-uagb-image--align-none\"><figure class=\"wp-block-uagb-image__figure\"><img decoding=\"async\" srcset=\"https:\/\/grupoalzia.com\/wp-content\/uploads\/2026\/01\/asesoria-legal-1024x683.png ,https:\/\/grupoalzia.com\/wp-content\/uploads\/2026\/01\/asesoria-legal.png 780w, https:\/\/grupoalzia.com\/wp-content\/uploads\/2026\/01\/asesoria-legal.png 360w\" sizes=\"auto, (max-width: 480px) 150px\" src=\"https:\/\/grupoalzia.com\/wp-content\/uploads\/2026\/01\/asesoria-legal-1024x683.png\" alt=\"\" class=\"uag-image-639\" width=\"1024\" height=\"683\" title=\"asesor\u00eda legal\" loading=\"lazy\" role=\"img\"\/><\/figure><\/div>\n<\/div>\n\n\n\n<div class=\"wp-block-uagb-container uagb-block-ca5109f8\">\n<div class=\"wp-block-uagb-advanced-heading uagb-block-feee611f\"><h6 class=\"uagb-heading-text\">04<\/h6><\/div>\n\n\n\n<div class=\"wp-block-uagb-advanced-heading uagb-block-3a06ed20\"><h3 class=\"uagb-heading-text\">Asesor\u00eda Legal Inmobiliaria<\/h3><div class=\"uagb-separator\"><\/div><p class=\"uagb-desc-text\">Ofrecemos soporte legal especializado en el \u00e1mbito inmobiliario, abarcando desde la estructuraci\u00f3n contractual hasta el acompa\u00f1amiento en procesos de compraventa, obra y explotaci\u00f3n del activo.<\/p><\/div>\n\n\n\n<div class=\"wp-block-uagb-buttons uagb-buttons__outer-wrap uagb-btn__default-btn uagb-btn-tablet__default-btn uagb-btn-mobile__default-btn uagb-block-bacfa809\"><div class=\"uagb-buttons__wrap uagb-buttons-layout-wrap\">\n<div class=\"wp-block-uagb-buttons-child uagb-buttons__outer-wrap uagb-block-6d3e4671 wp-block-button\"><div class=\"uagb-button__wrapper\"><a class=\"uagb-buttons-repeater wp-block-button__link\" aria-label=\"\" href=\"#\" rel=\"follow noopener\" target=\"_self\" role=\"button\"><div class=\"uagb-button__link\">VER ASESOR\u00cdA LEGAL<\/div><\/a><\/div><\/div>\n<\/div><\/div>\n<\/div>\n<\/div><\/div>\n\n\n\n<div class=\"wp-block-uagb-container uagb-block-85433ed7 alignfull uagb-is-root-container\"><div class=\"uagb-container-inner-blocks-wrap\">\n<div class=\"wp-block-uagb-container uagb-block-2c69c260\">\n<div class=\"wp-block-uagb-advanced-heading uagb-block-18fed746\"><h6 class=\"uagb-heading-text\">05<\/h6><\/div>\n\n\n\n<div class=\"wp-block-uagb-advanced-heading uagb-block-76f58c2a\"><h3 class=\"uagb-heading-text\">Gesti\u00f3n Econ\u00f3mico-Financiera<\/h3><div class=\"uagb-separator\"><\/div><p class=\"uagb-desc-text\">Desarrollamos y supervisamos la planificaci\u00f3n econ\u00f3mico-financiera del proyecto, controlando costes, flujos de caja y desviaciones presupuestarias para garantizar la viabilidad y rentabilidad del activo.<\/p><\/div>\n\n\n\n<div class=\"wp-block-uagb-buttons uagb-buttons__outer-wrap uagb-btn__default-btn uagb-btn-tablet__default-btn uagb-btn-mobile__default-btn uagb-block-26d1a03d\"><div class=\"uagb-buttons__wrap uagb-buttons-layout-wrap\">\n<div class=\"wp-block-uagb-buttons-child uagb-buttons__outer-wrap uagb-block-09456696 wp-block-button\"><div class=\"uagb-button__wrapper\"><a class=\"uagb-buttons-repeater wp-block-button__link\" aria-label=\"\" href=\"#\" rel=\"follow noopener\" target=\"_self\" role=\"button\"><div class=\"uagb-button__link\">VER GESTI\u00d3N ECON\u00d3MICO-FINANCIERA<\/div><\/a><\/div><\/div>\n<\/div><\/div>\n<\/div>\n\n\n\n<div class=\"wp-block-uagb-container uagb-block-7f7ed3b9\">\n<div class=\"wp-block-uagb-image uagb-block-1be1bd5b wp-block-uagb-image--layout-default wp-block-uagb-image--effect-static wp-block-uagb-image--align-none\"><figure class=\"wp-block-uagb-image__figure\"><img decoding=\"async\" srcset=\"https:\/\/grupoalzia.com\/wp-content\/uploads\/2026\/01\/gestion-eco-fin-1024x683.png ,https:\/\/grupoalzia.com\/wp-content\/uploads\/2026\/01\/gestion-eco-fin.png 780w, https:\/\/grupoalzia.com\/wp-content\/uploads\/2026\/01\/gestion-eco-fin.png 360w\" sizes=\"auto, (max-width: 480px) 150px\" src=\"https:\/\/grupoalzia.com\/wp-content\/uploads\/2026\/01\/gestion-eco-fin-1024x683.png\" alt=\"\" class=\"uag-image-640\" width=\"1024\" height=\"683\" title=\"gestion eco-fin\" loading=\"lazy\" role=\"img\"\/><\/figure><\/div>\n<\/div>\n<\/div><\/div>\n\n\n\n<div class=\"wp-block-uagb-container uagb-block-c205be01 alignfull uagb-is-root-container\"><div class=\"uagb-container-inner-blocks-wrap\">\n<div class=\"wp-block-uagb-container uagb-block-b3e81785\">\n<div class=\"wp-block-uagb-image uagb-block-302437bb wp-block-uagb-image--layout-default wp-block-uagb-image--effect-static wp-block-uagb-image--align-none\"><figure class=\"wp-block-uagb-image__figure\"><img decoding=\"async\" srcset=\"https:\/\/grupoalzia.com\/wp-content\/uploads\/2026\/01\/marketing-y-comercializacion-1024x683.png ,https:\/\/grupoalzia.com\/wp-content\/uploads\/2026\/01\/marketing-y-comercializacion.png 780w, https:\/\/grupoalzia.com\/wp-content\/uploads\/2026\/01\/marketing-y-comercializacion.png 360w\" sizes=\"auto, (max-width: 480px) 150px\" src=\"https:\/\/grupoalzia.com\/wp-content\/uploads\/2026\/01\/marketing-y-comercializacion-1024x683.png\" alt=\"\" class=\"uag-image-641\" width=\"1024\" height=\"683\" title=\"marketing y comercializacion\" loading=\"lazy\" role=\"img\"\/><\/figure><\/div>\n<\/div>\n\n\n\n<div class=\"wp-block-uagb-container uagb-block-d931cd99\">\n<div class=\"wp-block-uagb-advanced-heading uagb-block-0bedd238\"><h6 class=\"uagb-heading-text\">06<\/h6><\/div>\n\n\n\n<div class=\"wp-block-uagb-advanced-heading uagb-block-4cc12336\"><h3 class=\"uagb-heading-text\">Marketing and Commercialization<\/h3><div class=\"uagb-separator\"><\/div><p class=\"uagb-desc-text\">Definimos y ejecutamos estrategias de posicionamiento y comercializaci\u00f3n adaptadas a cada activo, basadas en el an\u00e1lisis de mercado y orientadas a maximizar su valor y absorci\u00f3n.<\/p><\/div>\n\n\n\n<div class=\"wp-block-uagb-buttons uagb-buttons__outer-wrap uagb-btn__default-btn uagb-btn-tablet__default-btn uagb-btn-mobile__default-btn uagb-block-bf361ef9\"><div class=\"uagb-buttons__wrap uagb-buttons-layout-wrap\">\n<div class=\"wp-block-uagb-buttons-child uagb-buttons__outer-wrap uagb-block-6f777a55 wp-block-button\"><div class=\"uagb-button__wrapper\"><a class=\"uagb-buttons-repeater wp-block-button__link\" aria-label=\"\" href=\"#\" rel=\"follow noopener\" target=\"_self\" role=\"button\"><div class=\"uagb-button__link\">VER MARKETING Y COMERCIALIZACI\u00d3N<\/div><\/a><\/div><\/div>\n<\/div><\/div>\n<\/div>\n<\/div><\/div>\n\n\n\n<div class=\"wp-block-uagb-container uagb-block-808d9dc2 alignfull uagb-is-root-container\"><div class=\"uagb-container-inner-blocks-wrap\">\n<div class=\"wp-block-uagb-advanced-heading uagb-block-7566d5a2\"><h2 class=\"uagb-heading-text\">El valor de una gesti\u00f3n integral<\/h2><div class=\"uagb-separator\"><\/div><\/div>\n\n\n\n<div class=\"wp-block-uagb-container uagb-block-2f26de08\">\n<div class=\"wp-block-uagb-container uagb-block-d5e320d6\">\n<div class=\"wp-block-uagb-advanced-heading uagb-block-b7dc8069\"><h5 class=\"uagb-heading-text\">Interlocuci\u00f3n \u00fanica y coordinada<\/h5><\/div>\n<\/div>\n\n\n\n<div class=\"wp-block-uagb-container uagb-block-b08e8f63\">\n<div class=\"wp-block-uagb-advanced-heading uagb-block-007bbc4e\"><h5 class=\"uagb-heading-text\">Mayor control sobre plazos, costes y riesgos<\/h5><\/div>\n<\/div>\n\n\n\n<div class=\"wp-block-uagb-container uagb-block-45a8aeae\">\n<div class=\"wp-block-uagb-advanced-heading uagb-block-b96aad01\"><h5 class=\"uagb-heading-text\">Consistency between strategy and execution<\/h5><\/div>\n<\/div>\n<\/div>\n\n\n\n<div class=\"wp-block-uagb-container uagb-block-29de6c71\">\n<div class=\"wp-block-uagb-container uagb-block-47c849a0\">\n<div class=\"wp-block-uagb-advanced-heading uagb-block-1e527d95\"><h5 class=\"uagb-heading-text\">Optimizaci\u00f3n de recursos<\/h5><\/div>\n<\/div>\n\n\n\n<div class=\"wp-block-uagb-container uagb-block-5c3011b0\">\n<div class=\"wp-block-uagb-advanced-heading uagb-block-5a0cc44c\"><h5 class=\"uagb-heading-text\">Transparencia en la gesti\u00f3n<\/h5><\/div>\n<\/div>\n\n\n\n<div class=\"wp-block-uagb-container uagb-block-3ac5a252\">\n<div class=\"wp-block-uagb-advanced-heading uagb-block-dacb36a1\"><h5 class=\"uagb-heading-text\">Enfoque a largo plazo en la creaci\u00f3n de valor<\/h5><\/div>\n<\/div>\n<\/div>\n<\/div><\/div>\n\n\n\n<div class=\"wp-block-uagb-container uagb-block-77884b40 alignfull uagb-is-root-container\"><div class=\"uagb-container-inner-blocks-wrap\">\n<div class=\"wp-block-uagb-container uagb-block-78066e8c\">\n<div class=\"wp-block-uagb-advanced-heading uagb-block-f9f07924\"><h3 class=\"uagb-heading-text\">Nuestros servicios son la expresi\u00f3n operativa de una forma de entender la gesti\u00f3n inmobiliaria basada en el rigor, la planificaci\u00f3n y la responsabilidad estrat\u00e9gica.<\/h3><div class=\"uagb-separator\"><\/div><\/div>\n\n\n\n<div class=\"wp-block-uagb-buttons uagb-buttons__outer-wrap uagb-btn__default-btn uagb-btn-tablet__default-btn uagb-btn-mobile__default-btn uagb-block-9e0cebc7\"><div class=\"uagb-buttons__wrap uagb-buttons-layout-wrap\">\n<div class=\"wp-block-uagb-buttons-child uagb-buttons__outer-wrap uagb-block-7ecdbb5d wp-block-button\"><div class=\"uagb-button__wrapper\"><a class=\"uagb-buttons-repeater wp-block-button__link\" aria-label=\"\" href=\"#\" rel=\"follow noopener\" target=\"_self\" role=\"button\"><div class=\"uagb-button__link\">CONTACTO<\/div><\/a><\/div><\/div>\n\n\n\n<div class=\"wp-block-uagb-buttons-child uagb-buttons__outer-wrap uagb-block-30b1ebc8 wp-block-button\"><div class=\"uagb-button__wrapper\"><a class=\"uagb-buttons-repeater wp-block-button__link\" aria-label=\"\" href=\"#\" rel=\"follow noopener\" target=\"_self\" role=\"button\"><div class=\"uagb-button__link\">SECTORES<\/div><\/a><\/div><\/div>\n<\/div><\/div>\n<\/div>\n<\/div><\/div>","protected":false},"excerpt":{"rendered":"<p>Servicios Grupo Alzia L\u00edneas de actuaci\u00f3n Una estructura integral al servicio de la gesti\u00f3n y optimizaci\u00f3n de activos inmobiliarios. \u00bfPor qu\u00e9 es tan importante? Los servicios de Grupo Alzia se articulan como una estructura de gesti\u00f3n integral que acompa\u00f1a al activo inmobiliario en todas sus fases. No operamos como proveedores independientes, sino como un equipo [&hellip;]<\/p>","protected":false},"author":1,"featured_media":0,"parent":0,"menu_order":0,"comment_status":"closed","ping_status":"closed","template":"","meta":{"_uag_custom_page_level_css":"","site-sidebar-layout":"no-sidebar","site-content-layout":"page-builder","ast-site-content-layout":"full-width-container","site-content-style":"unboxed","site-sidebar-style":"unboxed","ast-global-header-display":"","ast-banner-title-visibility":"","ast-main-header-display":"","ast-hfb-above-header-display":"","ast-hfb-below-header-display":"","ast-hfb-mobile-header-display":"","site-post-title":"disabled","ast-breadcrumbs-content":"","ast-featured-img":"","footer-sml-layout":"","ast-disable-related-posts":"","theme-transparent-header-meta":"enabled","adv-header-id-meta":"","stick-header-meta":"","header-above-stick-meta":"","header-main-stick-meta":"","header-below-stick-meta":"","astra-migrate-meta-layouts":"set","ast-page-background-enabled":"default","ast-page-background-meta":{"desktop":{"background-color":"var(--ast-global-color-4)","background-image":"","background-repeat":"repeat","background-position":"center center","background-size":"auto","background-attachment":"scroll","background-type":"","background-media":"","overlay-type":"","overlay-color":"","overlay-opacity":"","overlay-gradient":""},"tablet":{"background-color":"","background-image":"","background-repeat":"repeat","background-position":"center center","background-size":"auto","background-attachment":"scroll","background-type":"","background-media":"","overlay-type":"","overlay-color":"","overlay-opacity":"","overlay-gradient":""},"mobile":{"background-color":"","background-image":"","background-repeat":"repeat","background-position":"center center","background-size":"auto","background-attachment":"scroll","background-type":"","background-media":"","overlay-type":"","overlay-color":"","overlay-opacity":"","overlay-gradient":""}},"ast-content-background-meta":{"desktop":{"background-color":"var(--ast-global-color-5)","background-image":"","background-repeat":"repeat","background-position":"center center","background-size":"auto","background-attachment":"scroll","background-type":"","background-media":"","overlay-type":"","overlay-color":"","overlay-opacity":"","overlay-gradient":""},"tablet":{"background-color":"var(--ast-global-color-5)","background-image":"","background-repeat":"repeat","background-position":"center center","background-size":"auto","background-attachment":"scroll","background-type":"","background-media":"","overlay-type":"","overlay-color":"","overlay-opacity":"","overlay-gradient":""},"mobile":{"background-color":"var(--ast-global-color-5)","background-image":"","background-repeat":"repeat","background-position":"center center","background-size":"auto","background-attachment":"scroll","background-type":"","background-media":"","overlay-type":"","overlay-color":"","overlay-opacity":"","overlay-gradient":""}},"footnotes":""},"class_list":["post-312","page","type-page","status-publish","hentry"],"uagb_featured_image_src":{"full":false,"thumbnail":false,"medium":false,"medium_large":false,"large":false,"1536x1536":false,"2048x2048":false,"trp-custom-language-flag":false},"uagb_author_info":{"display_name":"info.diccardi@gmail.com","author_link":"https:\/\/grupoalzia.com\/en\/author\/info-diccardigmail-com\/"},"uagb_comment_info":0,"uagb_excerpt":"Servicios Grupo Alzia L\u00edneas de actuaci\u00f3n Una estructura integral al servicio de la gesti\u00f3n y optimizaci\u00f3n de activos inmobiliarios. \u00bfPor qu\u00e9 es tan importante? Los servicios de Grupo Alzia se articulan como una estructura de gesti\u00f3n integral que acompa\u00f1a al activo inmobiliario en todas sus fases. No operamos como proveedores independientes, sino como un equipo&hellip;","_links":{"self":[{"href":"https:\/\/grupoalzia.com\/en\/wp-json\/wp\/v2\/pages\/312","targetHints":{"allow":["GET"]}}],"collection":[{"href":"https:\/\/grupoalzia.com\/en\/wp-json\/wp\/v2\/pages"}],"about":[{"href":"https:\/\/grupoalzia.com\/en\/wp-json\/wp\/v2\/types\/page"}],"author":[{"embeddable":true,"href":"https:\/\/grupoalzia.com\/en\/wp-json\/wp\/v2\/users\/1"}],"replies":[{"embeddable":true,"href":"https:\/\/grupoalzia.com\/en\/wp-json\/wp\/v2\/comments?post=312"}],"version-history":[{"count":7,"href":"https:\/\/grupoalzia.com\/en\/wp-json\/wp\/v2\/pages\/312\/revisions"}],"predecessor-version":[{"id":651,"href":"https:\/\/grupoalzia.com\/en\/wp-json\/wp\/v2\/pages\/312\/revisions\/651"}],"wp:attachment":[{"href":"https:\/\/grupoalzia.com\/en\/wp-json\/wp\/v2\/media?parent=312"}],"curies":[{"name":"wp","href":"https:\/\/api.w.org\/{rel}","templated":true}]}}