{"id":314,"date":"2025-12-11T07:57:31","date_gmt":"2025-12-11T07:57:31","guid":{"rendered":"https:\/\/grey-hamster-728520.hostingersite.com\/contact\/"},"modified":"2026-01-19T12:46:55","modified_gmt":"2026-01-19T12:46:55","slug":"contacto","status":"publish","type":"page","link":"https:\/\/grupoalzia.com\/en\/contacto\/","title":{"rendered":"Contact"},"content":{"rendered":"<div class=\"wp-block-uagb-container uagb-block-21858358 alignfull uagb-is-root-container\"><div class=\"uagb-container-inner-blocks-wrap\">\n<div class=\"wp-block-uagb-advanced-heading uagb-block-78dc323c\"><h4 class=\"uagb-heading-text\">Cont\u00e1ctanos<\/h4><\/div>\n\n\n\n<div class=\"wp-block-uagb-advanced-heading uagb-block-42a70fb3\"><h1 class=\"uagb-heading-text\">Potencia el valor de sus activos con una gesti\u00f3n experta<\/h1><\/div>\n<\/div><\/div>\n\n\n\n<div class=\"wp-block-uagb-container uagb-block-8eb68f14 alignfull uagb-is-root-container\"><div class=\"uagb-container-inner-blocks-wrap\">\n<div class=\"wp-block-uagb-container uagb-block-643c6baa\">\n<div class=\"wp-block-uagb-advanced-heading uagb-block-8d16c0ed\"><h6 class=\"uagb-heading-text\">Contact<\/h6><\/div>\n\n\n\n<div class=\"wp-block-uagb-advanced-heading uagb-block-be28803d\"><h3 class=\"uagb-heading-text\">\u00bfEn qu\u00e9 podemos ayudarte?<\/h3><div class=\"uagb-separator\"><\/div><\/div>\n\n\n\t\t\t<div class=\"srfm-form-container srfm-form-container-514 srfm-bg-color\">\n\t\t\t<style>\n\t\t\t\t\/* Need to check and remove the input variables related to the Style Tab. *\/\n\t\t\t\t.srfm-form-container-514 {\n\t\t\t\t\t\/* New test variables *\/\n\t\t\t\t\t--srfm-color-scheme-primary: #111C44;\n\t\t\t\t\t--srfm-color-scheme-text-on-primary: #FFFFFF;\n\t\t\t\t\t--srfm-color-scheme-text: #1E1E1E;\n\t\t\t\t\t--srfm-quill-editor-color: #111C44;\n\n\t\t\t\t\t--srfm-color-input-label: #1E1E1E;\n\t\t\t\t\t--srfm-color-input-description: hsl( from #1E1E1E h s l \/ 0.65 );\n\t\t\t\t\t--srfm-color-input-placeholder: hsl( from #1E1E1E h s l \/ 0.5 );\n\t\t\t\t\t--srfm-color-input-text: #1E1E1E;\n\t\t\t\t\t--srfm-color-input-prefix: hsl( from #1E1E1E h s l \/ 0.65 );\n\t\t\t\t\t--srfm-color-input-background: hsl( from #1E1E1E h s l \/ 0.02 );\n\t\t\t\t\t--srfm-color-input-background-hover: hsl( from #1E1E1E h s l \/ 0.05 );\n\t\t\t\t\t--srfm-color-input-background-disabled: hsl( from #1E1E1E h s l \/ 0.07 );\n\t\t\t\t\t--srfm-color-input-border: hsl( from #1E1E1E h s l \/ 0.25 );\n\t\t\t\t\t--srfm-color-input-border-disabled: hsl( from #1E1E1E h s l \/ 0.15 );\n\t\t\t\t\t--srfm-color-multi-choice-svg: hsl( from #1E1E1E h s l \/ 0.7 );\n\t\t\t\t\t--srfm-color-input-border-hover: hsl( from #111C44 h s l \/ 0.65 );\n\t\t\t\t\t--srfm-color-input-border-focus-glow: hsl( from #111C44 h s l \/ 0.15 );\n\t\t\t\t\t--srfm-color-input-selected: hsl( from #111C44 h s l \/ 0.1 );\n\t\t\t\t\t--srfm-btn-color-hover: hsl( from #111C44 h s l \/ 0.9 );\n\t\t\t\t\t--srfm-btn-color-disabled: hsl( from #111C44 h s l \/ 0.25 );\n\n\t\t\t\t\t\/* Dropdown Variables *\/\n\t\t\t\t\t--srfm-dropdown-input-background-hover: hsl( from #1E1E1E h s l \/ 0.05 );\n\t\t\t\t\t--srfm-dropdown-option-background-hover: hsl( from #1E1E1E h s l \/ 0.10 );\n\t\t\t\t\t--srfm-dropdown-option-background-selected: hsl( from #1E1E1E h s l \/ 0.05 );\n\t\t\t\t\t--srfm-dropdown-option-selected-icon: hsl( from #1E1E1E h s l \/ 0.65 );\n\t\t\t\t\t--srfm-dropdown-option-text-color: hsl( from #1E1E1E h s l \/ 0.80 );\n\t\t\t\t\t--srfm-dropdown-option-selected-text: #1E1E1E;\n\t\t\t\t\t--srfm-dropdown-badge-background: hsl( from #1E1E1E h s l \/ 0.05 );\n\t\t\t\t\t--srfm-dropdown-badge-background-hover: hsl( from #1E1E1E h s l \/ 0.10 );\n\t\t\t\t\t--srfm-dropdown-menu-border-color: hsl( from #1E1E1E h s l \/ 0.10 );\n\t\t\t\t\t--srfm-dropdown-placeholder-color: hsl( from #1E1E1E h s l \/ 0.50 );\n\t\t\t\t\t--srfm-dropdown-icon-color: hsl( from #1E1E1E h s l \/ 0.65 );\n\t\t\t\t\t--srfm-dropdown-icon-disabled: hsl( from #1E1E1E h s l \/ 0.25 );\n\n\t\t\t\t\t\/* Background Control Variables *\/\n\t\t\t\t\t--srfm-instant-form-padding-top: 32px;--srfm-instant-form-padding-right: 32px;--srfm-instant-form-padding-bottom: 32px;--srfm-instant-form-padding-left: 32px;--srfm-instant-form-border-radius-top: 12px;--srfm-instant-form-border-radius-right: 12px;--srfm-instant-form-border-radius-bottom: 12px;--srfm-instant-form-border-radius-left: 12px;--srfm-form-padding-top: 0px;--srfm-form-padding-right: 0px;--srfm-form-padding-bottom: 0px;--srfm-form-padding-left: 0px;--srfm-form-border-radius-top: 0px;--srfm-form-border-radius-right: 0px;--srfm-form-border-radius-bottom: 0px;--srfm-form-border-radius-left: 0px;--srfm-bg-color: #ffffff;--srfm-bg-overlay-opacity: 1;\t\t\t\t\t--srfm-row-gap-between-blocks: 16px;--srfm-address-label-font-size: 14px;--srfm-address-label-line-height: 20px;--srfm-address-description-font-size: 12px;--srfm-address-description-line-height: 16px;--srfm-col-gap-between-fields: 12px;--srfm-row-gap-between-fields: 12px;--srfm-gap-below-address-label: 12px;--srfm-dropdown-font-size: 14px;--srfm-dropdown-gap-between-input-menu: 4px;--srfm-dropdown-badge-padding: 2px 6px;--srfm-dropdown-multiselect-font-size: 12px;--srfm-dropdown-multiselect-line-height: 16px;--srfm-dropdown-padding-right: 12px;--srfm-dropdown-padding-right-icon: calc( var( --srfm-dropdown-padding-right ) + 20px );--srfm-dropdown-multiselect-padding: 8px var( --srfm-dropdown-padding-right-icon ) 8px 8px;--srfm-input-height: 40px;--srfm-input-field-padding: 10px 12px;--srfm-input-field-font-size: 14px;--srfm-input-field-line-height: 20px;--srfm-input-field-margin-top: 4px;--srfm-input-field-margin-bottom: 4px;--srfm-checkbox-label-font-size: 14px;--srfm-checkbox-label-line-height: 20px;--srfm-checkbox-description-font-size: 12px;--srfm-checkbox-description-line-height: 16px;--srfm-check-ctn-width: 16px;--srfm-check-ctn-height: 16px;--srfm-check-svg-size: 10px;--srfm-checkbox-margin-top-frontend: 2px;--srfm-checkbox-margin-top-editor: 3px;--srfm-check-gap: 8px;--srfm-checkbox-description-margin-left: 24px;--srfm-flag-section-padding: 10px 0 10px 12px;--srfm-gap-between-icon-text: 8px;--srfm-label-font-size: 14px;--srfm-label-line-height: 20px;--srfm-description-font-size: 12px;--srfm-description-line-height: 16px;--srfm-btn-padding: 8px 14px;--srfm-btn-font-size: 14px;--srfm-btn-line-height: 20px;--srfm-multi-choice-horizontal-padding: 16px;--srfm-multi-choice-vertical-padding: 16px;--srfm-multi-choice-internal-option-gap: 8px;--srfm-multi-choice-vertical-svg-size: 32px;--srfm-multi-choice-horizontal-image-size: 20px;--srfm-multi-choice-vertical-image-size: 100px;--srfm-multi-choice-outer-padding: 0;\t\t\t\t}\n\t\t\t<\/style>\n\t\t\t\t\t\t\t<form method=\"post\" enctype=\"multipart\/form-data\" id=\"srfm-form-514\" class=\"srfm-form\"\n\t\t\t\tform-id=\"514\" after-submission=\"hide form\" message-type=\"same page\" success-url=\"\" ajaxurl=\"https:\/\/grupoalzia.com\/wp-admin\/admin-ajax.php\" data-submit-token=\"30e607c1f09f467c259ca994e8454841a71a15ee15362ec87e959c1b009d8e36\" action=\"\"\n\t\t\t\t>\n\t\t\t\t\n\t\t\t\t<input type=\"hidden\" value=\"514\" name=\"form-id\">\n\t\t\t\t<input type=\"hidden\" value=\"\" name=\"srfm-sender-email-field\" id=\"srfm-sender-email\">\n\t\t\t\t<input type=\"hidden\" value=\"\" id=\"srfm-page-break\">\n\t\t\t\t\t\t<p id=\"srfm-error-message\" class=\"srfm-common-error-message srfm-error-message srfm-head-error\" hidden>\t\t<span class=\"srfm-icon\" aria-hidden=\"true\">\n\t\t\t<svg xmlns='http:\/\/www.w3.org\/2000\/svg' width='20' height='20' fill='none'><path d='M9.99935 18.3327C14.6017 18.3327 18.3327 14.6017 18.3327 9.99935C18.3327 5.39698 14.6017 1.66602 9.99935 1.66602C5.39698 1.66602 1.66602 5.39698 1.66602 9.99935C1.66602 14.6017 5.39698 18.3327 9.99935 18.3327Z' stroke='currentColor' stroke-width='1.5' stroke-linecap='round' stroke-linejoin='round' \/><path d='M10 6.66602V9.99935' stroke='currentColor' stroke-width='1.5' stroke-linecap='round' stroke-linejoin='round' \/><path d='M10 13.334H10.0083' stroke='currentColor' stroke-width='1.5' stroke-linecap='round' stroke-linejoin='round' \/><\/svg>\t\t<\/span>\n\t\t<span class=\"srfm-error-content\">There was an error trying to submit your form. Please try again.<\/span><\/p>\n\t\t\t\t\t<div data-block-id=\"f4174746\" class=\"srfm-block-single srfm-block srfm-input-block srf-input-f4174746-block  srfm-block-width-100 srfm-slug-text-field 514\" >\n\t\t\t\t\t\t\t\t<label id=\"srfm-label-f4174746-lbl-Tm9tYnJl\" for=\"srfm-input-f4174746-lbl-Tm9tYnJl\" class=\"srfm-block-label\">\n\t\t\t\t\t\tNombre\t\t\t\t\t\t\t\t\t\t\t<\/label>\n\t\t\t\t\t\t\t\t\t\t\t\t<div class=\"srfm-block-wrap\">\n\t\t\t\t<input class=\"srfm-input-common srfm-input-input\" type=\"text\" name=\"srfm-input-f4174746-lbl-Tm9tYnJl-text-field\" id=\"srfm-input-f4174746-lbl-Tm9tYnJl\"\n\t\t\t\t\taria-describedby='srfm-error-f4174746'\t\t\t\t\tdata-required=\"false\" aria-required=\"false\" data-unique=\"false\" maxlength=\"100\" value=\"\"  data-srfm-mask=\"none\"   \/>\n\t\t\t\t<\/div>\n\t\t\t\t<div class=\"srfm-error-wrap\">\n\t\t\t\t\t\t\t\t\t\t<div class=\"srfm-error-message\" data-srfm-id=\"srfm-error-f4174746\" data-error-msg=\"This field is required.\" data-unique-msg=\"Value needs to be unique.\">\n\t\t\t\t\t\tThis field is required.\t\t\t\t\t<\/div>\n\t\t\t\t\t\t\t\t\t<\/div>\n\t\t\t<\/div>\n\t\t\n\n\t\t\t<div data-block-id=\"06048221\" class=\"srfm-block-single srfm-block srfm-email-block srf-email-06048221-block  srfm-block-width-100 srfm-slug-email 514 srfm-email-block-wrap\">\n\t\t\t\t<div class=\"srfm-email-block srf-email-06048221-block\">\n\t\t\t\t\t\t\t\t\t\t<label id=\"srfm-label-06048221-lbl-RW1haWw\" for=\"srfm-email-06048221-lbl-RW1haWw\" class=\"srfm-block-label\">\n\t\t\t\t\t\tEmail\t\t\t\t\t\t\t\t\t\t\t<\/label>\n\t\t\t\t\t\t\t\t\t\t\t\t\t\t\t<div class=\"srfm-block-wrap\">\n\t\t\t\t\t\t<input class=\"srfm-input-common srfm-input-email\" type=\"email\" name=\"srfm-email-06048221-lbl-RW1haWw-email\" id=\"srfm-email-06048221-lbl-RW1haWw\"\n\t\t\t\t\t\taria-describedby='srfm-error-06048221'\t\t\t\t\t\tdata-required=\"false\" aria-required=\"false\" data-unique=\"false\" value=\"\"   \/>\n\t\t\t\t\t<\/div>\n\t\t\t\t\t<div class=\"srfm-error-wrap\">\n\t\t\t\t\t\t\t\t\t\t\t<div class=\"srfm-error-message\" data-srfm-id=\"srfm-error-06048221\" data-error-msg=\"This field is required.\" data-unique-msg=\"Value needs to be unique.\">\n\t\t\t\t\t\tThis field is required.\t\t\t\t\t<\/div>\n\t\t\t\t\t\t\t\t\t\t<\/div>\n\t\t\t\t<\/div>\n\t\t\t\t\t\t\t<\/div>\n\t\t\n\n\t\t<div data-block-id=\"f932ffc2\" class=\"srfm-block-single srfm-block srfm-phone-block srf-phone-f932ffc2-block srfm-block-width-100 514\">\n\t\t\t\t\t\t\t\t<label id=\"srfm-label-f932ffc2-lbl-TsO6bWVybyBkZSB0ZWzDqWZvbm8\" for=\"srfm-phone-f932ffc2-lbl-TsO6bWVybyBkZSB0ZWzDqWZvbm8\" class=\"srfm-block-label\">\n\t\t\t\t\t\tN\u00famero de tel\u00e9fono\t\t\t\t\t\t\t\t\t\t\t<\/label>\n\t\t\t\t\t\t\t\t\t\t\t<div class=\"srfm-block-wrap\">\n\t\t\t\t<input type=\"tel\"\n\t\t\t\t\tclass=\"srfm-input-common srfm-input-phone\"\n\t\t\t\t\tname=\"srfm-phone-f932ffc2-lbl-TsO6bWVybyBkZSB0ZWzDqWZvbm8-phone-number\"\n\t\t\t\t\tid=\"srfm-phone-f932ffc2-lbl-TsO6bWVybyBkZSB0ZWzDqWZvbm8\"\n\t\t\t\t\taria-describedby='srfm-error-f932ffc2'\t\t\t\t\tdata-required=\"false\"\n\t\t\t\t\taria-required=\"false\"\n\t\t\t\t\tdefault-country=\"us\"\n\t\t\t\t\t\t\t\t\t\tvalue=\"\"\n\t\t\t\t\t\t\t\t\t\tdata-unique=\"false\">\n\t\t\t<\/div>\n\t\t\t<div class=\"srfm-error-wrap\">\n\t\t\t\t\t\t\t\t\t<div class=\"srfm-error-message\" data-srfm-id=\"srfm-error-f932ffc2\" data-error-msg=\"This field is required.\" data-unique-msg=\"Value needs to be unique.\">\n\t\t\t\t\t\tThis field is required.\t\t\t\t\t<\/div>\n\t\t\t\t\t\t\t\t<\/div>\n\t\t<\/div>\n\t\t\n\n\t\t\t<div data-block-id=\"b5a9021d\" class=\"srfm-block-single srfm-block srfm-dropdown-block srf-dropdown-b5a9021d-block  srfm-block-width-100 srfm-slug-dropdown 514\">\n\t\t\t\t<fieldset>\n\t\t\t\t\t<input class=\"srfm-input-dropdown-hidden\" data-required=\"false\" aria-required=\"false\"  name=\"srfm-dropdown-1-b5a9021d-lbl-wr9FbiBxdcOpIHNlcnZpY2lvIGVzdMOhIGludGVyZXNhZG8vYT8-dropdown\" type=\"hidden\" value=\"\"\/>\n\t\t\t\t\t<legend class=\"srfm-block-legend\">\n\t\t\t\t\t\t\t\t\t\t\t\u00bfEn qu\u00e9 servicio est\u00e1 interesado\/a?\t\t\t\t\t\t\t\t\t\t\t\t\t\t\t\t\t\t\t\t\t<\/legend>\n\t\t\t\t\t<div class=\"srfm-block-wrap srfm-dropdown-common-wrap\">\n\t\t\t\t\t\t\t\t\t\t<select\n\t\t\t\t\t\tclass=\"srfm-dropdown-common srfm-dropdown-input\"\n\t\t\t\t\t\taria-describedby='srfm-error-b5a9021d'\t\t\t\tdata-required=\"false\" aria-required=\"false\"  name=\"srfm-dropdown-1-b5a9021d-lbl-wr9FbiBxdcOpIHNlcnZpY2lvIGVzdMOhIGludGVyZXNhZG8vYT8-dropdown\" data-multiple=\"false\" data-searchable=\"true\"\n\t\t\t\t\t\t\t\t\t\t\t\ttabindex=\"0\" aria-hidden=\"true\">\n\t\t\t\t\t<option class=\"srfm-dropdown-placeholder\" value=\"\" disabled selected>Select an option<\/option>\n\t\t\t\t\t\t\t\t\t\t\t\t\t\t\t\t\t\t\t\t\t<option value=\"Gesti\u00f3n Integral\" data-icon=\"\"  >Gesti\u00f3n Integral<\/option>\n\t\t\t\t\t\t\t\t\t\t\t\t\t\t\t\t\t\t\t\t\t\t\t<option value=\"Project Management\" data-icon=\"\"  >Project Management<\/option>\n\t\t\t\t\t\t\t\t\t\t\t\t\t\t\t\t\t\t\t\t\t\t\t<option value=\"Consultor\u00eda T\u00e9cnica\" data-icon=\"\"  >Technical Consulting<\/option>\n\t\t\t\t\t\t\t\t\t\t\t\t\t\t\t\t\t\t\t\t\t\t\t<option value=\"Facility Management\" data-icon=\"\"  >Facility Management<\/option>\n\t\t\t\t\t\t\t\t\t\t\t\t\t\t\t\t\t\t\t\t\t\t\t<option value=\"Asesor\u00eda Legal\" data-icon=\"\"  >Legal Counsel<\/option>\n\t\t\t\t\t\t\t\t\t\t\t\t\t\t\t\t\t\t\t\t\t\t\t<option value=\"\u00c1rea Econ\u00f3mico-Financiera\" data-icon=\"\"  >\u00c1rea Econ\u00f3mico-Financiera<\/option>\n\t\t\t\t\t\t\t\t\t\t\t\t\t\t\t\t\t\t\t\t\t\t\t<option value=\"Marketing y Comercializaci\u00f3n\" data-icon=\"\"  >Marketing and Commercialization<\/option>\n\t\t\t\t\t\t\t\t\t\t\t\t\t<\/select>\n\t\t\t\t\t\t\t\t\t\t<\/div>\n\t\t\t\t\t<div class=\"srfm-error-wrap\">\n\t\t\t\t\t\t\t\t\t\t\t<\/div>\n\t\t\t\t<\/fieldset>\n\t\t\t<\/div>\n\t\t\n\n\t\t<div data-block-id=\"4d5b456c\" class=\"srfm-block-single srfm-block srfm-textarea-block srf-textarea-4d5b456c-block  srfm-block-width-100 514\">\n\t\t\t\t\t\t\t\t<label id=\"srfm-label-4d5b456c-lbl-U2kgZGVzZWEsIGN1w6ludGVub3MgYWxnbyBtw6Fz-9368\" for=\"srfm-textarea-4d5b456c-lbl-U2kgZGVzZWEsIGN1w6ludGVub3MgYWxnbyBtw6Fz-9368\" class=\"srfm-block-label\">\n\t\t\t\t\t\tSi desea, cu\u00e9ntenos algo m\u00e1s\t\t\t\t\t\t\t\t\t\t\t<\/label>\n\t\t\t\t\t\t\t\t\t\t\t<div class=\"srfm-block-wrap\">\n\t\t\t\t<textarea\n\t\t\t\t\tclass=\"srfm-input-common srfm-input-textarea\"\n\t\t\t\t\tname=\"srfm-textarea-4d5b456c-lbl-U2kgZGVzZWEsIGN1w6ludGVub3MgYWxnbyBtw6Fz-textarea\"\n\t\t\t\t\tid=\"srfm-textarea-4d5b456c-lbl-U2kgZGVzZWEsIGN1w6ludGVub3MgYWxnbyBtw6Fz-9368\"\n\t\t\t\t\taria-describedby='srfm-error-4d5b456c'\t\t\t\t\tdata-required=\"false\" aria-required=\"false\"  rows=\"4\"  \t\t\t\t\t\t\t\t\t\t\t\t\t\t\t><\/textarea>\n\t\t\t\t\t\t\t<\/div>\n\t\t\t<div class=\"srfm-error-wrap\">\n\t\t\t\t\t\t\t<\/div>\n\t\t<\/div>\n\n\t\t\n\n\t\t\t<div data-block-id=\"06ca6430\" class=\"srfm-block-single srfm-block srfm-gdpr-block srf-gdpr-06ca6430-block srfm-block-width-100 514\">\n\t\t\t\t<div class=\"srfm-block-wrap\">\n\t\t\t\t\t<input class=\"srfm-input-common screen-reader-text srfm-input-gdpr\" id=\"srfm-gdpr-2144077046\" name=\"srfm-gdpr-06ca6430-lbl-QWwgaGFjZXIgY2xpYyBlbiDigJxFbnZpYXLigJ0gYWNlcHRhIG51ZXN0cmHCoFBvbMOtdGljYSBkZSBQcml2YWNpZGFkwqBwYXJhIHRyYXRhciBzdXMgZGF0b3MgY29uIGVsIGZpbiBkZSBwb2RlciBhbnRlbmRlciBhIHN1IGNvbnN1bHRhLg-i-consent-to-have-this-website-store-my-submitted-information-so-they-can-respond-to-my-inquiry\"\n\t\t\t\t\taria-describedby='srfm-error-06ca6430'\t\t\t\t\tdata-required=\"true\" aria-required=\"true\" type=\"checkbox\" \/>\n\t\t\t\t\t<label class=\"srfm-cbx\" for=\"srfm-gdpr-2144077046\">\n\t\t\t\t\t\t<span class=\"srfm-span-wrap\">\n\t\t\t\t\t\t\t<svg class=\"srfm-check-icon\" width=\"12px\" height=\"10px\" aria-hidden=\"true\">\n\t\t\t\t\t\t\t\t<use xlink:href=\"#srfm-gdpr-06ca6430-check\"><\/use>\n\t\t\t\t\t\t\t<\/svg>\n\t\t\t\t\t\t<\/span>\n\t\t\t\t\t\t<span class=\"srfm-span-wrap srfm-block-label\">Al hacer clic en \u201cEnviar\u201d acepta nuestra\u00a0<a href=\"https:\/\/grupoalzia.com\/en\/\">Pol\u00edtica <\/a><a href=\"https:\/\/cysae.com\/politica-de-privacidad\/\">de Privacidad<\/a>\u00a0para tratar sus datos con el fin de poder antender a su consulta.\t\t\t\t\t\t\t<span class=\"srfm-required\" aria-hidden=\"true\"> *<\/span>\n\t\t\t\t\t\t<\/span>\n\t\t\t\t\t<\/label>\n\t\t\t\t\t<svg class=\"srfm-inline-svg\" aria-hidden=\"true\">\n\t\t\t\t\t\t<symbol id=\"srfm-gdpr-06ca6430-check\" viewbox=\"0 0 12 10\">\n\t\t\t\t\t\t<polyline points=\"1.5 6 4.5 9 10.5 1\"><\/polyline>\n\t\t\t\t\t\t<\/symbol>\n\t\t\t\t\t<\/svg>\n\t\t\t\t<\/div>\n\t\t\t\t\t\t\t\t<div class=\"srfm-error-wrap\">\n\t\t\t\t\t\t\t\t\t\t<div class=\"srfm-error-message\" data-srfm-id=\"srfm-error-06ca6430\" data-error-msg=\"This field is required.\">\n\t\t\t\t\t\tThis field is required.\t\t\t\t\t<\/div>\n\t\t\t\t\t\t\t\t\t<\/div>\n\t\t\t<\/div>\n\t\t\t\t\t\t\t\n\t\t\t\t\t\n\t\t\t\t\t<div class=\"srfm-submit-container\" style=\"\">\n\t\t\t\t\t\t<div style=\"width: ; text-align: left\" class=\"wp-block-button\">\n\t\t\t\t\t\t\t\t\t\t\t\t\t\t\t\t\t\t\t<button style=\"\" id=\"srfm-submit-btn\" class=\"srfm-btn-frontend srfm-button srfm-submit-button\"\n\t\t\t\t\t\t\t\t\t\t\t\t\t\t>\n\t\t\t\t\t\t\t\t<div class=\"srfm-submit-wrap\">\n\t\t\t\t\t\t\t\t\tEnviar\t\t\t\t\t\t\t\t<div class=\"srfm-loader\"><\/div>\n\t\t\t\t\t\t\t\t<\/div>\n\t\t\t\t\t\t\t<\/button>\n\t\t\t\t\t\t\t\t\t\t\t\t\t\t\t\t\t\t<\/div>\n\t\t\t\t\t<\/div>\n\t\t\t\t\t\t\t<p id=\"srfm-error-message\" class=\"srfm-common-error-message srfm-error-message srfm-footer-error\" hidden>\t\t<span class=\"srfm-icon\" aria-hidden=\"true\">\n\t\t\t<svg xmlns='http:\/\/www.w3.org\/2000\/svg' width='20' height='20' fill='none'><path d='M9.99935 18.3327C14.6017 18.3327 18.3327 14.6017 18.3327 9.99935C18.3327 5.39698 14.6017 1.66602 9.99935 1.66602C5.39698 1.66602 1.66602 5.39698 1.66602 9.99935C1.66602 14.6017 5.39698 18.3327 9.99935 18.3327Z' stroke='currentColor' stroke-width='1.5' stroke-linecap='round' stroke-linejoin='round' \/><path d='M10 6.66602V9.99935' stroke='currentColor' stroke-width='1.5' stroke-linecap='round' stroke-linejoin='round' \/><path d='M10 13.334H10.0083' stroke='currentColor' stroke-width='1.5' stroke-linecap='round' stroke-linejoin='round' \/><\/svg>\t\t<\/span>\n\t\t<span class=\"srfm-error-content\">There was an error trying to submit your form. Please try again.<\/span><\/p>\n\t\t\t\t\t<input type=\"hidden\" name=\"trp-form-language\" value=\"en\"\/><\/form>\n\t\t\t<div class=\"srfm-single-form srfm-success-box in-page\">\n\t\t\t\t<div aria-live=\"polite\" aria-atomic=\"true\" role=\"alert\" id=\"srfm-success-message-page-514\" class=\"srfm-success-box-description\"><\/div>\n\t\t\t<\/div>\n\t\t\t\t\t\t<\/div>\n\t\t\n<\/div>\n<\/div><\/div>\n\n\n\n<div class=\"wp-block-uagb-container uagb-block-8c3118ab alignfull uagb-is-root-container\"><div class=\"uagb-container-inner-blocks-wrap\">\n<div class=\"wp-block-group is-nowrap is-layout-flex wp-container-core-group-is-layout-6c531013 wp-block-group-is-layout-flex\">\n<div data-aos= \"fade-right\" data-aos-duration=\"400\" data-aos-delay=\"0\" data-aos-easing=\"ease\" data-aos-once=\"true\" class=\"wp-block-uagb-container uagb-block-053ad37a\">\n<div class=\"wp-block-uagb-container uagb-block-d352591f\">\n<div class=\"wp-block-uagb-advanced-heading uagb-block-f48e0c3d\"><h2 class=\"uagb-heading-text\">Madrid<\/h2><div class=\"uagb-separator\"><\/div><\/div>\n\n\n\n<div class=\"wp-block-uagb-advanced-heading uagb-block-cb7e3acf\"><h6 class=\"uagb-heading-text\">Responsable<\/h6><p class=\"uagb-desc-text\">Antonio Guti\u00e9rrez Malpartida<\/p><\/div>\n\n\n\n<div class=\"wp-block-uagb-advanced-heading uagb-block-7084b050\"><h6 class=\"uagb-heading-text\">Email<\/h6><p class=\"uagb-desc-text\">a.gutierrez@grupoalzia.com<\/p><\/div>\n\n\n\n<div class=\"wp-block-uagb-advanced-heading uagb-block-5cf8b805\"><h6 class=\"uagb-heading-text\">T\u00e9lefono<\/h6><p class=\"uagb-desc-text\">633 107 477<\/p><\/div>\n<\/div>\n\n\n\t\t\t<div data-aos= \"fade-up\" data-aos-duration=\"400\" data-aos-delay=\"0\" data-aos-easing=\"ease\" data-aos-once=\"true\" \n\t\t\tclass=\"wp-block-uagb-google-map uagb-google-map__wrap uagb-block-e0f92a04     .fade-slow\"\n\t\t\tstyle=\"\" >\n\t\t\t\t<embed\n\t\t\t\t\tclass=\"uagb-google-map__iframe\"\n\t\t\t\t\ttitle=\"Google Map for \"\n\t\t\t\t\tsrc=\"https:\/\/maps.google.com\/maps?q=Calle%20de%20Mostoles%2036%2028941&#038;z=15&#038;hl=es&#038;t=m&#038;output=embed&#038;iwloc=near\"\n\t\t\t\t\twidth=\"640\"\n\t\t\t\t\theight=\"600\"\n\t\t\t\t\tloading=\"lazy\"\n\t\t\t\t><\/embed>\n\t\t\t<\/div>\n\t\t\t<\/div>\n<\/div>\n\n\n\n<div class=\"wp-block-group is-nowrap is-layout-flex wp-container-core-group-is-layout-6c531013 wp-block-group-is-layout-flex\">\n<div data-aos= \"fade-left\" data-aos-duration=\"400\" data-aos-delay=\"0\" data-aos-easing=\"ease\" data-aos-once=\"true\" class=\"wp-block-uagb-container uagb-block-98df819c\">\n<div class=\"wp-block-uagb-container uagb-block-f6b6a2a9\">\n<div class=\"wp-block-uagb-advanced-heading uagb-block-96dbca4b\"><h2 class=\"uagb-heading-text\">Canarias<\/h2><div class=\"uagb-separator\"><\/div><\/div>\n\n\n\n<div class=\"wp-block-uagb-advanced-heading uagb-block-a804be0f\"><h6 class=\"uagb-heading-text\">Responsable<\/h6><p class=\"uagb-desc-text\">Javier S\u00e1nchez-Largo Rodr\u00edguez<\/p><\/div>\n\n\n\n<div class=\"wp-block-uagb-advanced-heading uagb-block-a41b32bd\"><h6 class=\"uagb-heading-text\">Email<\/h6><p class=\"uagb-desc-text\">javiersanchezlargo@grupoalzia.com<\/p><\/div>\n\n\n\n<div class=\"wp-block-uagb-advanced-heading uagb-block-1638a55c\"><h6 class=\"uagb-heading-text\">T\u00e9lefono<\/h6><p class=\"uagb-desc-text\">629 139 250<\/p><\/div>\n<\/div>\n\n\n\t\t\t<div data-aos= \"fade-up\" data-aos-duration=\"400\" data-aos-delay=\"0\" data-aos-easing=\"ease\" data-aos-once=\"true\" \n\t\t\tclass=\"wp-block-uagb-google-map uagb-google-map__wrap uagb-block-ac7dce51\"\n\t\t\tstyle=\"\" >\n\t\t\t\t<embed\n\t\t\t\t\tclass=\"uagb-google-map__iframe\"\n\t\t\t\t\ttitle=\"Google Map for \"\n\t\t\t\t\tsrc=\"https:\/\/maps.google.com\/maps?q=Avenida%20Juan%20carlos%201%2C%203%2035660&#038;z=15&#038;hl=es&#038;t=m&#038;output=embed&#038;iwloc=near\"\n\t\t\t\t\twidth=\"640\"\n\t\t\t\t\theight=\"600\"\n\t\t\t\t\tloading=\"lazy\"\n\t\t\t\t><\/embed>\n\t\t\t<\/div>\n\t\t\t<\/div>\n<\/div>\n<\/div><\/div>\n\n\n\n<p><\/p>","protected":false},"excerpt":{"rendered":"<p>Cont\u00e1ctanos Potencia el valor de sus activos con una gesti\u00f3n experta Contacto \u00bfEn qu\u00e9 podemos ayudarte? Madrid Responsable Antonio Guti\u00e9rrez Malpartida Email a.gutierrez@grupoalzia.com T\u00e9lefono 633 107 477 Canarias Responsable Javier S\u00e1nchez-Largo Rodr\u00edguez Email javiersanchezlargo@grupoalzia.com T\u00e9lefono 629 139 250<\/p>","protected":false},"author":1,"featured_media":0,"parent":0,"menu_order":0,"comment_status":"closed","ping_status":"closed","template":"","meta":{"_uag_custom_page_level_css":"","site-sidebar-layout":"no-sidebar","site-content-layout":"page-builder","ast-site-content-layout":"full-width-container","site-content-style":"unboxed","site-sidebar-style":"unboxed","ast-global-header-display":"","ast-banner-title-visibility":"","ast-main-header-display":"","ast-hfb-above-header-display":"","ast-hfb-below-header-display":"","ast-hfb-mobile-header-display":"","site-post-title":"disabled","ast-breadcrumbs-content":"","ast-featured-img":"","footer-sml-layout":"","ast-disable-related-posts":"","theme-transparent-header-meta":"enabled","adv-header-id-meta":"","stick-header-meta":"","header-above-stick-meta":"","header-main-stick-meta":"","header-below-stick-meta":"","astra-migrate-meta-layouts":"set","ast-page-background-enabled":"default","ast-page-background-meta":{"desktop":{"background-color":"var(--ast-global-color-4)","background-image":"","background-repeat":"repeat","background-position":"center center","background-size":"auto","background-attachment":"scroll","background-type":"","background-media":"","overlay-type":"","overlay-color":"","overlay-opacity":"","overlay-gradient":""},"tablet":{"background-color":"","background-image":"","background-repeat":"repeat","background-position":"center center","background-size":"auto","background-attachment":"scroll","background-type":"","background-media":"","overlay-type":"","overlay-color":"","overlay-opacity":"","overlay-gradient":""},"mobile":{"background-color":"","background-image":"","background-repeat":"repeat","background-position":"center center","background-size":"auto","background-attachment":"scroll","background-type":"","background-media":"","overlay-type":"","overlay-color":"","overlay-opacity":"","overlay-gradient":""}},"ast-content-background-meta":{"desktop":{"background-color":"var(--ast-global-color-5)","background-image":"","background-repeat":"repeat","background-position":"center center","background-size":"auto","background-attachment":"scroll","background-type":"","background-media":"","overlay-type":"","overlay-color":"","overlay-opacity":"","overlay-gradient":""},"tablet":{"background-color":"var(--ast-global-color-5)","background-image":"","background-repeat":"repeat","background-position":"center center","background-size":"auto","background-attachment":"scroll","background-type":"","background-media":"","overlay-type":"","overlay-color":"","overlay-opacity":"","overlay-gradient":""},"mobile":{"background-color":"var(--ast-global-color-5)","background-image":"","background-repeat":"repeat","background-position":"center center","background-size":"auto","background-attachment":"scroll","background-type":"","background-media":"","overlay-type":"","overlay-color":"","overlay-opacity":"","overlay-gradient":""}},"footnotes":""},"class_list":["post-314","page","type-page","status-publish","hentry"],"uagb_featured_image_src":{"full":false,"thumbnail":false,"medium":false,"medium_large":false,"large":false,"1536x1536":false,"2048x2048":false,"trp-custom-language-flag":false},"uagb_author_info":{"display_name":"info.diccardi@gmail.com","author_link":"https:\/\/grupoalzia.com\/en\/author\/info-diccardigmail-com\/"},"uagb_comment_info":0,"uagb_excerpt":"Cont\u00e1ctanos Potencia el valor de sus activos con una gesti\u00f3n experta Contacto \u00bfEn qu\u00e9 podemos ayudarte? Madrid Responsable Antonio Guti\u00e9rrez Malpartida Email a.gutierrez@grupoalzia.com T\u00e9lefono 633 107 477 Canarias Responsable Javier S\u00e1nchez-Largo Rodr\u00edguez Email javiersanchezlargo@grupoalzia.com T\u00e9lefono 629 139 250","_links":{"self":[{"href":"https:\/\/grupoalzia.com\/en\/wp-json\/wp\/v2\/pages\/314","targetHints":{"allow":["GET"]}}],"collection":[{"href":"https:\/\/grupoalzia.com\/en\/wp-json\/wp\/v2\/pages"}],"about":[{"href":"https:\/\/grupoalzia.com\/en\/wp-json\/wp\/v2\/types\/page"}],"author":[{"embeddable":true,"href":"https:\/\/grupoalzia.com\/en\/wp-json\/wp\/v2\/users\/1"}],"replies":[{"embeddable":true,"href":"https:\/\/grupoalzia.com\/en\/wp-json\/wp\/v2\/comments?post=314"}],"version-history":[{"count":10,"href":"https:\/\/grupoalzia.com\/en\/wp-json\/wp\/v2\/pages\/314\/revisions"}],"predecessor-version":[{"id":676,"href":"https:\/\/grupoalzia.com\/en\/wp-json\/wp\/v2\/pages\/314\/revisions\/676"}],"wp:attachment":[{"href":"https:\/\/grupoalzia.com\/en\/wp-json\/wp\/v2\/media?parent=314"}],"curies":[{"name":"wp","href":"https:\/\/api.w.org\/{rel}","templated":true}]}}