{"id":649,"date":"2026-01-19T11:59:23","date_gmt":"2026-01-19T11:59:23","guid":{"rendered":"https:\/\/grey-hamster-728520.hostingersite.com\/project-management-3\/"},"modified":"2026-01-20T09:31:21","modified_gmt":"2026-01-20T09:31:21","slug":"consultoria-tecnica-2","status":"publish","type":"page","link":"https:\/\/grupoalzia.com\/en\/consultoria-tecnica-2\/","title":{"rendered":"Technical Consulting"},"content":{"rendered":"<div class=\"wp-block-uagb-container uagb-block-30d7bc21 alignfull uagb-is-root-container\"><div class=\"uagb-container-inner-blocks-wrap\">\n<div class=\"wp-block-uagb-advanced-heading uagb-block-2f3e4c74\"><h4 class=\"uagb-heading-text\">Services<\/h4><\/div>\n\n\n\n<div data-aos= \"fade-up\" data-aos-duration=\"400\" data-aos-delay=\"0\" data-aos-easing=\"ease\" data-aos-once=\"true\" class=\"wp-block-uagb-advanced-heading uagb-block-cd14e455\"><h1 class=\"uagb-heading-text\">Technical Consulting<\/h1><div class=\"uagb-separator\"><\/div><p class=\"uagb-desc-text\">An\u00e1lisis, criterio y rigor t\u00e9cnico al servicio del activo inmobiliario<\/p><\/div>\n<\/div><\/div>\n\n\n\n<div class=\"wp-block-uagb-container uagb-block-21d5a2d0 alignfull uagb-is-root-container\"><div class=\"uagb-container-inner-blocks-wrap\">\n<div class=\"wp-block-uagb-advanced-heading uagb-block-6f5731e0\"><h2 class=\"uagb-heading-text\">El an\u00e1lisis t\u00e9cnico como herramienta estrat\u00e9gica<\/h2><p class=\"uagb-desc-text\">En Grupo Alzia entendemos la consultor\u00eda t\u00e9cnica como un elemento clave dentro del proceso de gesti\u00f3n integral. El an\u00e1lisis t\u00e9cnico no se limita a identificar patolog\u00edas o deficiencias, sino que aporta informaci\u00f3n fundamental para evaluar la viabilidad del proyecto y su impacto econ\u00f3mico, legal y operativo.<br>Este enfoque permite tomar decisiones fundamentadas desde una perspectiva global del activo y su ciclo de vida.En Grupo Alzia entendemos la consultor\u00eda t\u00e9cnica como un elemento clave dentro del proceso de gesti\u00f3n integral. El an\u00e1lisis t\u00e9cnico no se limita a identificar patolog\u00edas o deficiencias, sino que aporta informaci\u00f3n fundamental para evaluar la viabilidad del proyecto y su impacto econ\u00f3mico, legal y operativo.<br><br>Este enfoque permite tomar decisiones fundamentadas desde una perspectiva global del activo y su ciclo de vida.<\/p><div class=\"uagb-separator\"><\/div><\/div>\n\n\n\n<div class=\"wp-block-uagb-container uagb-block-4b7d580f\">\n<div class=\"wp-block-uagb-container uagb-block-05c790bc\">\n<div class=\"wp-block-uagb-advanced-heading uagb-block-d65bf4ef\"><h6 class=\"uagb-heading-text\">01<\/h6><\/div>\n\n\n\n<div class=\"wp-block-uagb-advanced-heading uagb-block-2f7dc65c\"><h5 class=\"uagb-heading-text\">An\u00e1lisis t\u00e9cnico del estado del activo<\/h5><\/div>\n<\/div>\n\n\n\n<div class=\"wp-block-uagb-container uagb-block-38d21c4f\">\n<div class=\"wp-block-uagb-advanced-heading uagb-block-d5739989\"><h6 class=\"uagb-heading-text\">02<\/h6><\/div>\n\n\n\n<div class=\"wp-block-uagb-advanced-heading uagb-block-ac40a0ce\"><h5 class=\"uagb-heading-text\">Estudios de viabilidad t\u00e9cnica<\/h5><\/div>\n<\/div>\n\n\n\n<div class=\"wp-block-uagb-container uagb-block-34925334\">\n<div class=\"wp-block-uagb-advanced-heading uagb-block-be27b685\"><h6 class=\"uagb-heading-text\">03<\/h6><\/div>\n\n\n\n<div class=\"wp-block-uagb-advanced-heading uagb-block-8ffe2a9c\"><h4 class=\"uagb-heading-text\">Due diligence t\u00e9cnica en procesos de adquisici\u00f3n<\/h4><\/div>\n<\/div>\n<\/div>\n\n\n\n<div class=\"wp-block-uagb-container uagb-block-a51aa275\">\n<div class=\"wp-block-uagb-container uagb-block-d18758d4\">\n<div class=\"wp-block-uagb-advanced-heading uagb-block-3a2f2844\"><h6 class=\"uagb-heading-text\">04<\/h6><\/div>\n\n\n\n<div class=\"wp-block-uagb-advanced-heading uagb-block-aaf6045f\"><h4 class=\"uagb-heading-text\">Evaluaci\u00f3n de riesgos y patolog\u00edas constructivas<\/h4><\/div>\n<\/div>\n\n\n\n<div class=\"wp-block-uagb-container uagb-block-e7e1d2f8\">\n<div class=\"wp-block-uagb-advanced-heading uagb-block-7f921ae9\"><h6 class=\"uagb-heading-text\">05<\/h6><\/div>\n\n\n\n<div class=\"wp-block-uagb-advanced-heading uagb-block-0a4dee51\"><h4 class=\"uagb-heading-text\">Definici\u00f3n de soluciones t\u00e9cnicas<\/h4><\/div>\n<\/div>\n\n\n\n<div class=\"wp-block-uagb-container uagb-block-da020726\">\n<div class=\"wp-block-uagb-advanced-heading uagb-block-1f9ea1fb\"><h6 class=\"uagb-heading-text\">06<\/h6><\/div>\n\n\n\n<div class=\"wp-block-uagb-advanced-heading uagb-block-4950a744\"><h4 class=\"uagb-heading-text\">Asistencia t\u00e9cnica a la propiedad<\/h4><\/div>\n<\/div>\n<\/div>\n\n\n\n<div class=\"wp-block-uagb-container uagb-block-9c07438c\">\n<div class=\"wp-block-uagb-container uagb-block-c5dc7ccd\">\n<div class=\"wp-block-uagb-advanced-heading uagb-block-54fd8f9b\"><h6 class=\"uagb-heading-text\">07<\/h6><\/div>\n\n\n\n<div class=\"wp-block-uagb-advanced-heading uagb-block-b07554df\"><h4 class=\"uagb-heading-text\">Supervisi\u00f3n t\u00e9cnica en fases de desarrollo o rehabilitaci\u00f3n<\/h4><\/div>\n<\/div>\n<\/div>\n<\/div><\/div>\n\n\n\n<div class=\"wp-block-uagb-container uagb-block-7bf30896 alignfull uagb-is-root-container\"><div class=\"uagb-container-inner-blocks-wrap\">\n<div class=\"wp-block-uagb-container uagb-block-95107aaa\">\n<div class=\"wp-block-uagb-advanced-heading uagb-block-2b5f49af\"><h3 class=\"uagb-heading-text\">Consultor\u00eda t\u00e9cnica integrada en la gesti\u00f3n global<\/h3><div class=\"uagb-separator\"><\/div><p class=\"uagb-desc-text\">La consultor\u00eda t\u00e9cnica de Grupo Alzia se desarrolla de forma coordinada con las \u00e1reas de project management, gesti\u00f3n econ\u00f3mico-financiera y asesor\u00eda legal, asegurando que las conclusiones t\u00e9cnicas est\u00e9n alineadas con la estrategia global del proyecto.<br><br>Esta integraci\u00f3n evita decisiones aisladas y permite evaluar cada soluci\u00f3n t\u00e9cnica en funci\u00f3n de su impacto real sobre el activo.<\/p><\/div>\n<\/div>\n<\/div><\/div>\n\n\n\n<div class=\"wp-block-uagb-container uagb-block-83a453f0 alignfull uagb-is-root-container\"><div class=\"uagb-container-inner-blocks-wrap\">\n<div class=\"wp-block-uagb-container uagb-block-536b0e7b\">\n<div class=\"wp-block-uagb-advanced-heading uagb-block-91c1e214\"><h3 class=\"uagb-heading-text\">Criterio t\u00e9cnico independiente<\/h3><div class=\"uagb-separator\"><\/div><p class=\"uagb-desc-text\">Actuamos con criterio t\u00e9cnico independiente, priorizando siempre los intereses del cliente y del activo. Nuestro enfoque se basa en el rigor, la objetividad y la responsabilidad profesional, aportando recomendaciones fundamentadas y realistas.<br><br>Este posicionamiento nos permite convertirnos en un apoyo t\u00e9cnico fiable en procesos donde la precisi\u00f3n y la claridad son determinantes.<\/p><\/div>\n<\/div>\n<\/div><\/div>\n\n\n\n<div class=\"wp-block-uagb-container uagb-block-808d9dc2 alignfull uagb-is-root-container\"><div class=\"uagb-container-inner-blocks-wrap\">\n<div class=\"wp-block-uagb-advanced-heading uagb-block-7566d5a2\"><h2 class=\"uagb-heading-text\">\u00bfQu\u00e9 aporta nuestra Consultor\u00eda T\u00e9cnica?<\/h2><div class=\"uagb-separator\"><\/div><\/div>\n\n\n\n<div class=\"wp-block-uagb-container uagb-block-2f26de08\">\n<div class=\"wp-block-uagb-container uagb-block-d5e320d6\">\n<div class=\"wp-block-uagb-advanced-heading uagb-block-b7dc8069\"><h5 class=\"uagb-heading-text\">Base t\u00e9cnica s\u00f3lida para la toma de decisiones<\/h5><\/div>\n<\/div>\n\n\n\n<div class=\"wp-block-uagb-container uagb-block-b08e8f63\">\n<div class=\"wp-block-uagb-advanced-heading uagb-block-007bbc4e\"><h5 class=\"uagb-heading-text\">Identificaci\u00f3n temprana de riesgos<\/h5><\/div>\n<\/div>\n\n\n\n<div class=\"wp-block-uagb-container uagb-block-45a8aeae\">\n<div class=\"wp-block-uagb-advanced-heading uagb-block-b96aad01\"><h5 class=\"uagb-heading-text\">Optimizaci\u00f3n de soluciones constructivas<\/h5><\/div>\n<\/div>\n<\/div>\n\n\n\n<div class=\"wp-block-uagb-container uagb-block-29de6c71\">\n<div class=\"wp-block-uagb-container uagb-block-47c849a0\">\n<div class=\"wp-block-uagb-advanced-heading uagb-block-1e527d95\"><h5 class=\"uagb-heading-text\">Reducci\u00f3n de incidencias futuras<\/h5><\/div>\n<\/div>\n\n\n\n<div class=\"wp-block-uagb-container uagb-block-5c3011b0\">\n<div class=\"wp-block-uagb-advanced-heading uagb-block-5a0cc44c\"><h5 class=\"uagb-heading-text\">Alineaci\u00f3n entre t\u00e9cnica, costes y estrategia<\/h5><\/div>\n<\/div>\n\n\n\n<div class=\"wp-block-uagb-container uagb-block-3ac5a252\">\n<div class=\"wp-block-uagb-advanced-heading uagb-block-dacb36a1\"><h5 class=\"uagb-heading-text\">Mayor seguridad en procesos de inversi\u00f3n y desarrollo<\/h5><\/div>\n<\/div>\n<\/div>\n<\/div><\/div>\n\n\n\n<div class=\"wp-block-uagb-container uagb-block-77884b40 alignfull uagb-is-root-container\"><div class=\"uagb-container-inner-blocks-wrap\">\n<div class=\"wp-block-uagb-container uagb-block-78066e8c\">\n<div class=\"wp-block-uagb-advanced-heading uagb-block-f9f07924\"><h3 class=\"uagb-heading-text\">La consultor\u00eda t\u00e9cnica de Grupo Alzia aporta el rigor y la claridad necesarios para gestionar activos inmobiliarios con criterio y responsabilidad.<\/h3><div class=\"uagb-separator\"><\/div><\/div>\n\n\n\n<div class=\"wp-block-uagb-buttons uagb-buttons__outer-wrap uagb-btn__default-btn uagb-btn-tablet__default-btn uagb-btn-mobile__default-btn uagb-block-84f5da1c\"><div class=\"uagb-buttons__wrap uagb-buttons-layout-wrap\">\n<div class=\"wp-block-uagb-buttons-child uagb-buttons__outer-wrap uagb-block-9879db10 wp-block-button\"><div class=\"uagb-button__wrapper\"><a class=\"uagb-buttons-repeater wp-block-button__link\" aria-label=\"\" href=\"#\" rel=\"follow noopener\" target=\"_self\" role=\"button\"><div class=\"uagb-button__link\">project management<\/div><\/a><\/div><\/div>\n\n\n\n<div class=\"wp-block-uagb-buttons-child uagb-buttons__outer-wrap uagb-block-63567213 wp-block-button\"><div class=\"uagb-button__wrapper\"><a class=\"uagb-buttons-repeater wp-block-button__link\" aria-label=\"\" href=\"#\" rel=\"follow noopener\" target=\"_self\" role=\"button\"><div class=\"uagb-button__link\">facility management<\/div><\/a><\/div><\/div>\n<\/div><\/div>\n<\/div>\n<\/div><\/div>","protected":false},"excerpt":{"rendered":"<p>Servicios Consultor\u00eda T\u00e9cnica An\u00e1lisis, criterio y rigor t\u00e9cnico al servicio del activo inmobiliario El an\u00e1lisis t\u00e9cnico como herramienta estrat\u00e9gica En Grupo Alzia entendemos la consultor\u00eda t\u00e9cnica como un elemento clave dentro del proceso de gesti\u00f3n integral. El an\u00e1lisis t\u00e9cnico no se limita a identificar patolog\u00edas o deficiencias, sino que aporta informaci\u00f3n fundamental para evaluar la [&hellip;]<\/p>","protected":false},"author":1,"featured_media":0,"parent":0,"menu_order":0,"comment_status":"closed","ping_status":"closed","template":"","meta":{"_uag_custom_page_level_css":"","site-sidebar-layout":"no-sidebar","site-content-layout":"page-builder","ast-site-content-layout":"full-width-container","site-content-style":"unboxed","site-sidebar-style":"unboxed","ast-global-header-display":"","ast-banner-title-visibility":"","ast-main-header-display":"","ast-hfb-above-header-display":"","ast-hfb-below-header-display":"","ast-hfb-mobile-header-display":"","site-post-title":"disabled","ast-breadcrumbs-content":"","ast-featured-img":"","footer-sml-layout":"","ast-disable-related-posts":"","theme-transparent-header-meta":"enabled","adv-header-id-meta":"","stick-header-meta":"","header-above-stick-meta":"","header-main-stick-meta":"","header-below-stick-meta":"","astra-migrate-meta-layouts":"set","ast-page-background-enabled":"default","ast-page-background-meta":{"desktop":{"background-color":"var(--ast-global-color-4)","background-image":"","background-repeat":"repeat","background-position":"center center","background-size":"auto","background-attachment":"scroll","background-type":"","background-media":"","overlay-type":"","overlay-color":"","overlay-opacity":"","overlay-gradient":""},"tablet":{"background-color":"","background-image":"","background-repeat":"repeat","background-position":"center center","background-size":"auto","background-attachment":"scroll","background-type":"","background-media":"","overlay-type":"","overlay-color":"","overlay-opacity":"","overlay-gradient":""},"mobile":{"background-color":"","background-image":"","background-repeat":"repeat","background-position":"center center","background-size":"auto","background-attachment":"scroll","background-type":"","background-media":"","overlay-type":"","overlay-color":"","overlay-opacity":"","overlay-gradient":""}},"ast-content-background-meta":{"desktop":{"background-color":"var(--ast-global-color-5)","background-image":"","background-repeat":"repeat","background-position":"center center","background-size":"auto","background-attachment":"scroll","background-type":"","background-media":"","overlay-type":"","overlay-color":"","overlay-opacity":"","overlay-gradient":""},"tablet":{"background-color":"var(--ast-global-color-5)","background-image":"","background-repeat":"repeat","background-position":"center center","background-size":"auto","background-attachment":"scroll","background-type":"","background-media":"","overlay-type":"","overlay-color":"","overlay-opacity":"","overlay-gradient":""},"mobile":{"background-color":"var(--ast-global-color-5)","background-image":"","background-repeat":"repeat","background-position":"center center","background-size":"auto","background-attachment":"scroll","background-type":"","background-media":"","overlay-type":"","overlay-color":"","overlay-opacity":"","overlay-gradient":""}},"footnotes":""},"class_list":["post-649","page","type-page","status-publish","hentry"],"uagb_featured_image_src":{"full":false,"thumbnail":false,"medium":false,"medium_large":false,"large":false,"1536x1536":false,"2048x2048":false,"trp-custom-language-flag":false},"uagb_author_info":{"display_name":"info.diccardi@gmail.com","author_link":"https:\/\/grupoalzia.com\/en\/author\/info-diccardigmail-com\/"},"uagb_comment_info":0,"uagb_excerpt":"Servicios Consultor\u00eda T\u00e9cnica An\u00e1lisis, criterio y rigor t\u00e9cnico al servicio del activo inmobiliario El an\u00e1lisis t\u00e9cnico como herramienta estrat\u00e9gica En Grupo Alzia entendemos la consultor\u00eda t\u00e9cnica como un elemento clave dentro del proceso de gesti\u00f3n integral. El an\u00e1lisis t\u00e9cnico no se limita a identificar patolog\u00edas o deficiencias, sino que aporta informaci\u00f3n fundamental para evaluar la&hellip;","_links":{"self":[{"href":"https:\/\/grupoalzia.com\/en\/wp-json\/wp\/v2\/pages\/649","targetHints":{"allow":["GET"]}}],"collection":[{"href":"https:\/\/grupoalzia.com\/en\/wp-json\/wp\/v2\/pages"}],"about":[{"href":"https:\/\/grupoalzia.com\/en\/wp-json\/wp\/v2\/types\/page"}],"author":[{"embeddable":true,"href":"https:\/\/grupoalzia.com\/en\/wp-json\/wp\/v2\/users\/1"}],"replies":[{"embeddable":true,"href":"https:\/\/grupoalzia.com\/en\/wp-json\/wp\/v2\/comments?post=649"}],"version-history":[{"count":4,"href":"https:\/\/grupoalzia.com\/en\/wp-json\/wp\/v2\/pages\/649\/revisions"}],"predecessor-version":[{"id":688,"href":"https:\/\/grupoalzia.com\/en\/wp-json\/wp\/v2\/pages\/649\/revisions\/688"}],"wp:attachment":[{"href":"https:\/\/grupoalzia.com\/en\/wp-json\/wp\/v2\/media?parent=649"}],"curies":[{"name":"wp","href":"https:\/\/api.w.org\/{rel}","templated":true}]}}