{"id":665,"date":"2026-01-19T12:19:58","date_gmt":"2026-01-19T12:19:58","guid":{"rendered":"https:\/\/grey-hamster-728520.hostingersite.com\/facility-management-3\/"},"modified":"2026-01-19T12:40:58","modified_gmt":"2026-01-19T12:40:58","slug":"economico-financiera","status":"publish","type":"page","link":"https:\/\/grupoalzia.com\/en\/economico-financiera\/","title":{"rendered":"Economic-Financial Area"},"content":{"rendered":"<div class=\"wp-block-uagb-container uagb-block-30d7bc21 alignfull uagb-is-root-container\"><div class=\"uagb-container-inner-blocks-wrap\">\n<div class=\"wp-block-uagb-advanced-heading uagb-block-2f3e4c74\"><h4 class=\"uagb-heading-text\">Services<\/h4><\/div>\n\n\n\n<div data-aos= \"fade-up\" data-aos-duration=\"400\" data-aos-delay=\"0\" data-aos-easing=\"ease\" data-aos-once=\"true\" class=\"wp-block-uagb-advanced-heading uagb-block-cd14e455\"><h1 class=\"uagb-heading-text\">Economic-Financial Area<\/h1><div class=\"uagb-separator\"><\/div><p class=\"uagb-desc-text\">Control econ\u00f3mico y planificaci\u00f3n financiera al servicio del valor del activo<\/p><\/div>\n<\/div><\/div>\n\n\n\n<div class=\"wp-block-uagb-container uagb-block-21d5a2d0 alignfull uagb-is-root-container\"><div class=\"uagb-container-inner-blocks-wrap\">\n<div class=\"wp-block-uagb-advanced-heading uagb-block-6f5731e0\"><h2 class=\"uagb-heading-text\">La gesti\u00f3n financiera como herramienta de decisi\u00f3n<\/h2><p class=\"uagb-desc-text\">En Grupo Alzia entendemos la gesti\u00f3n econ\u00f3mico-financiera como una herramienta clave para evaluar escenarios, anticipar desviaciones y tomar decisiones fundamentadas. No se trata \u00fanicamente de registrar datos, sino de interpretarlos y ponerlos al servicio de la estrategia del activo.<br><br>Este enfoque permite mantener el control econ\u00f3mico del proyecto y alinear las decisiones operativas y t\u00e9cnicas con los objetivos financieros definidos.<\/p><div class=\"uagb-separator\"><\/div><\/div>\n\n\n\n<div class=\"wp-block-uagb-container uagb-block-4b7d580f\">\n<div class=\"wp-block-uagb-container uagb-block-05c790bc\">\n<div class=\"wp-block-uagb-advanced-heading uagb-block-d65bf4ef\"><h6 class=\"uagb-heading-text\">01<\/h6><\/div>\n\n\n\n<div class=\"wp-block-uagb-advanced-heading uagb-block-2f7dc65c\"><h5 class=\"uagb-heading-text\">An\u00e1lisis econ\u00f3mico-financiero inicial<\/h5><\/div>\n<\/div>\n\n\n\n<div class=\"wp-block-uagb-container uagb-block-38d21c4f\">\n<div class=\"wp-block-uagb-advanced-heading uagb-block-d5739989\"><h6 class=\"uagb-heading-text\">02<\/h6><\/div>\n\n\n\n<div class=\"wp-block-uagb-advanced-heading uagb-block-ac40a0ce\"><h5 class=\"uagb-heading-text\">Dise\u00f1o del Plan Financiero<\/h5><\/div>\n<\/div>\n\n\n\n<div class=\"wp-block-uagb-container uagb-block-34925334\">\n<div class=\"wp-block-uagb-advanced-heading uagb-block-be27b685\"><h6 class=\"uagb-heading-text\">03<\/h6><\/div>\n\n\n\n<div class=\"wp-block-uagb-advanced-heading uagb-block-8ffe2a9c\"><h4 class=\"uagb-heading-text\">Asesoramiento en la elecci\u00f3n de entidad financiera u otras v\u00edas<\/h4><\/div>\n<\/div>\n<\/div>\n\n\n\n<div class=\"wp-block-uagb-container uagb-block-a51aa275\">\n<div class=\"wp-block-uagb-container uagb-block-d18758d4\">\n<div class=\"wp-block-uagb-advanced-heading uagb-block-3a2f2844\"><h6 class=\"uagb-heading-text\">04<\/h6><\/div>\n\n\n\n<div class=\"wp-block-uagb-advanced-heading uagb-block-aaf6045f\"><h4 class=\"uagb-heading-text\">Asesoramiento en la contrataci\u00f3n de la financiaci\u00f3n<\/h4><\/div>\n<\/div>\n\n\n\n<div class=\"wp-block-uagb-container uagb-block-e7e1d2f8\">\n<div class=\"wp-block-uagb-advanced-heading uagb-block-7f921ae9\"><h6 class=\"uagb-heading-text\">05<\/h6><\/div>\n\n\n\n<div class=\"wp-block-uagb-advanced-heading uagb-block-0a4dee51\"><h4 class=\"uagb-heading-text\">Asesoramiento, coordinaci\u00f3n y control de fondos<\/h4><\/div>\n<\/div>\n\n\n\n<div class=\"wp-block-uagb-container uagb-block-da020726\">\n<div class=\"wp-block-uagb-advanced-heading uagb-block-1f9ea1fb\"><h6 class=\"uagb-heading-text\">06<\/h6><\/div>\n\n\n\n<div class=\"wp-block-uagb-advanced-heading uagb-block-4950a744\"><h4 class=\"uagb-heading-text\">Control del Plan Financiero y de las disposiciones de cr\u00e9dito<\/h4><\/div>\n<\/div>\n<\/div>\n\n\n\n<div class=\"wp-block-uagb-container uagb-block-9c07438c\">\n<div class=\"wp-block-uagb-container uagb-block-c5dc7ccd\">\n<div class=\"wp-block-uagb-advanced-heading uagb-block-54fd8f9b\"><h6 class=\"uagb-heading-text\">07<\/h6><\/div>\n\n\n\n<div class=\"wp-block-uagb-advanced-heading uagb-block-b07554df\"><h4 class=\"uagb-heading-text\">Asesoramiento y control de los gastos financieros<\/h4><\/div>\n<\/div>\n<\/div>\n<\/div><\/div>\n\n\n\n<div class=\"wp-block-uagb-container uagb-block-7bf30896 alignfull uagb-is-root-container\"><div class=\"uagb-container-inner-blocks-wrap\">\n<div class=\"wp-block-uagb-container uagb-block-95107aaa\">\n<div class=\"wp-block-uagb-advanced-heading uagb-block-2b5f49af\"><h3 class=\"uagb-heading-text\">Gesti\u00f3n financiera integrada en la visi\u00f3n 360\u00ba<\/h3><div class=\"uagb-separator\"><\/div><p class=\"uagb-desc-text\">La gesti\u00f3n econ\u00f3mico-financiera de Grupo Alzia se desarrolla de forma coordinada con las \u00e1reas de project management, consultor\u00eda t\u00e9cnica y asesor\u00eda legal, asegurando que todas las decisiones econ\u00f3micas est\u00e9n alineadas con la estrategia global del activo.<br><br>Esta integraci\u00f3n permite anticipar impactos financieros derivados de decisiones t\u00e9cnicas o legales y mantener una visi\u00f3n coherente del proyecto en todo momento.<\/p><\/div>\n<\/div>\n<\/div><\/div>\n\n\n\n<div class=\"wp-block-uagb-container uagb-block-83a453f0 alignfull uagb-is-root-container\"><div class=\"uagb-container-inner-blocks-wrap\">\n<div class=\"wp-block-uagb-container uagb-block-536b0e7b\">\n<div class=\"wp-block-uagb-advanced-heading uagb-block-91c1e214\"><h3 class=\"uagb-heading-text\">Control econ\u00f3mico y transparencia<\/h3><div class=\"uagb-separator\"><\/div><p class=\"uagb-desc-text\">Aplicamos sistemas de control y seguimiento econ\u00f3mico que permiten disponer de informaci\u00f3n clara, actualizada y comprensible sobre la evoluci\u00f3n financiera del proyecto.<br><br>La transparencia en la gesti\u00f3n y el reporting peri\u00f3dico facilitan una relaci\u00f3n basada en la confianza y permiten a la propiedad tomar decisiones con pleno conocimiento de la situaci\u00f3n econ\u00f3mica del activo.<\/p><\/div>\n<\/div>\n<\/div><\/div>\n\n\n\n<div class=\"wp-block-uagb-container uagb-block-808d9dc2 alignfull uagb-is-root-container\"><div class=\"uagb-container-inner-blocks-wrap\">\n<div class=\"wp-block-uagb-advanced-heading uagb-block-7566d5a2\"><h2 class=\"uagb-heading-text\">\u00bfQu\u00e9 aporta nuestro Facility Management?<\/h2><div class=\"uagb-separator\"><\/div><\/div>\n\n\n\n<div class=\"wp-block-uagb-container uagb-block-2f26de08\">\n<div class=\"wp-block-uagb-container uagb-block-d5e320d6\">\n<div class=\"wp-block-uagb-advanced-heading uagb-block-b7dc8069\"><h5 class=\"uagb-heading-text\">Continuidad operativa del activo<\/h5><\/div>\n<\/div>\n\n\n\n<div class=\"wp-block-uagb-container uagb-block-b08e8f63\">\n<div class=\"wp-block-uagb-advanced-heading uagb-block-007bbc4e\"><h5 class=\"uagb-heading-text\">Optimizaci\u00f3n de costes de mantenimiento<\/h5><\/div>\n<\/div>\n\n\n\n<div class=\"wp-block-uagb-container uagb-block-45a8aeae\">\n<div class=\"wp-block-uagb-advanced-heading uagb-block-b96aad01\"><h5 class=\"uagb-heading-text\">Reducci\u00f3n de incidencias y actuaciones reactivas<\/h5><\/div>\n<\/div>\n<\/div>\n\n\n\n<div class=\"wp-block-uagb-container uagb-block-29de6c71\">\n<div class=\"wp-block-uagb-container uagb-block-47c849a0\">\n<div class=\"wp-block-uagb-advanced-heading uagb-block-1e527d95\"><h5 class=\"uagb-heading-text\">Mayor control sobre proveedores y servicios<\/h5><\/div>\n<\/div>\n\n\n\n<div class=\"wp-block-uagb-container uagb-block-5c3011b0\">\n<div class=\"wp-block-uagb-advanced-heading uagb-block-5a0cc44c\"><h5 class=\"uagb-heading-text\">Conservaci\u00f3n del valor del activo a largo plazo<\/h5><\/div>\n<\/div>\n\n\n\n<div class=\"wp-block-uagb-container uagb-block-3ac5a252\">\n<div class=\"wp-block-uagb-advanced-heading uagb-block-dacb36a1\"><h5 class=\"uagb-heading-text\">Informaci\u00f3n clara y seguimiento continuo<\/h5><\/div>\n<\/div>\n<\/div>\n<\/div><\/div>\n\n\n\n<div class=\"wp-block-uagb-container uagb-block-77884b40 alignfull uagb-is-root-container\"><div class=\"uagb-container-inner-blocks-wrap\">\n<div class=\"wp-block-uagb-container uagb-block-78066e8c\">\n<div class=\"wp-block-uagb-advanced-heading uagb-block-f9f07924\"><h3 class=\"uagb-heading-text\">La gesti\u00f3n econ\u00f3mico-financiera de Grupo Alzia aporta el control y la claridad necesarios para tomar decisiones responsables sobre activos inmobiliarios.<\/h3><div class=\"uagb-separator\"><\/div><\/div>\n\n\n\n<div class=\"wp-block-uagb-buttons uagb-buttons__outer-wrap uagb-btn__default-btn uagb-btn-tablet__default-btn uagb-btn-mobile__default-btn uagb-block-84f5da1c\"><div class=\"uagb-buttons__wrap uagb-buttons-layout-wrap\">\n<div class=\"wp-block-uagb-buttons-child uagb-buttons__outer-wrap uagb-block-63567213 wp-block-button\"><div class=\"uagb-button__wrapper\"><a class=\"uagb-buttons-repeater wp-block-button__link\" aria-label=\"\" href=\"#\" rel=\"follow noopener\" target=\"_self\" role=\"button\"><div class=\"uagb-button__link\">ASESOR\u00cdA LEGAL<\/div><\/a><\/div><\/div>\n\n\n\n<div class=\"wp-block-uagb-buttons-child uagb-buttons__outer-wrap uagb-block-4a1abc6c wp-block-button\"><div class=\"uagb-button__wrapper\"><a class=\"uagb-buttons-repeater wp-block-button__link\" aria-label=\"\" href=\"#\" rel=\"follow noopener\" target=\"_self\" role=\"button\"><div class=\"uagb-button__link\">Marketing and Commercialization<\/div><\/a><\/div><\/div>\n<\/div><\/div>\n<\/div>\n<\/div><\/div>","protected":false},"excerpt":{"rendered":"<p>Servicios \u00c1rea Econ\u00f3mica-Financiera Control econ\u00f3mico y planificaci\u00f3n financiera al servicio del valor del activo La gesti\u00f3n financiera como herramienta de decisi\u00f3n En Grupo Alzia entendemos la gesti\u00f3n econ\u00f3mico-financiera como una herramienta clave para evaluar escenarios, anticipar desviaciones y tomar decisiones fundamentadas. No se trata \u00fanicamente de registrar datos, sino de interpretarlos y ponerlos al servicio [&hellip;]<\/p>","protected":false},"author":1,"featured_media":0,"parent":0,"menu_order":0,"comment_status":"closed","ping_status":"closed","template":"","meta":{"_uag_custom_page_level_css":"","site-sidebar-layout":"no-sidebar","site-content-layout":"page-builder","ast-site-content-layout":"full-width-container","site-content-style":"unboxed","site-sidebar-style":"unboxed","ast-global-header-display":"","ast-banner-title-visibility":"","ast-main-header-display":"","ast-hfb-above-header-display":"","ast-hfb-below-header-display":"","ast-hfb-mobile-header-display":"","site-post-title":"disabled","ast-breadcrumbs-content":"","ast-featured-img":"","footer-sml-layout":"","ast-disable-related-posts":"","theme-transparent-header-meta":"enabled","adv-header-id-meta":"","stick-header-meta":"","header-above-stick-meta":"","header-main-stick-meta":"","header-below-stick-meta":"","astra-migrate-meta-layouts":"set","ast-page-background-enabled":"default","ast-page-background-meta":{"desktop":{"background-color":"var(--ast-global-color-4)","background-image":"","background-repeat":"repeat","background-position":"center center","background-size":"auto","background-attachment":"scroll","background-type":"","background-media":"","overlay-type":"","overlay-color":"","overlay-opacity":"","overlay-gradient":""},"tablet":{"background-color":"","background-image":"","background-repeat":"repeat","background-position":"center center","background-size":"auto","background-attachment":"scroll","background-type":"","background-media":"","overlay-type":"","overlay-color":"","overlay-opacity":"","overlay-gradient":""},"mobile":{"background-color":"","background-image":"","background-repeat":"repeat","background-position":"center center","background-size":"auto","background-attachment":"scroll","background-type":"","background-media":"","overlay-type":"","overlay-color":"","overlay-opacity":"","overlay-gradient":""}},"ast-content-background-meta":{"desktop":{"background-color":"var(--ast-global-color-5)","background-image":"","background-repeat":"repeat","background-position":"center center","background-size":"auto","background-attachment":"scroll","background-type":"","background-media":"","overlay-type":"","overlay-color":"","overlay-opacity":"","overlay-gradient":""},"tablet":{"background-color":"var(--ast-global-color-5)","background-image":"","background-repeat":"repeat","background-position":"center center","background-size":"auto","background-attachment":"scroll","background-type":"","background-media":"","overlay-type":"","overlay-color":"","overlay-opacity":"","overlay-gradient":""},"mobile":{"background-color":"var(--ast-global-color-5)","background-image":"","background-repeat":"repeat","background-position":"center center","background-size":"auto","background-attachment":"scroll","background-type":"","background-media":"","overlay-type":"","overlay-color":"","overlay-opacity":"","overlay-gradient":""}},"footnotes":""},"class_list":["post-665","page","type-page","status-publish","hentry"],"uagb_featured_image_src":{"full":false,"thumbnail":false,"medium":false,"medium_large":false,"large":false,"1536x1536":false,"2048x2048":false,"trp-custom-language-flag":false},"uagb_author_info":{"display_name":"info.diccardi@gmail.com","author_link":"https:\/\/grupoalzia.com\/en\/author\/info-diccardigmail-com\/"},"uagb_comment_info":0,"uagb_excerpt":"Servicios \u00c1rea Econ\u00f3mica-Financiera Control econ\u00f3mico y planificaci\u00f3n financiera al servicio del valor del activo La gesti\u00f3n financiera como herramienta de decisi\u00f3n En Grupo Alzia entendemos la gesti\u00f3n econ\u00f3mico-financiera como una herramienta clave para evaluar escenarios, anticipar desviaciones y tomar decisiones fundamentadas. No se trata \u00fanicamente de registrar datos, sino de interpretarlos y ponerlos al servicio&hellip;","_links":{"self":[{"href":"https:\/\/grupoalzia.com\/en\/wp-json\/wp\/v2\/pages\/665","targetHints":{"allow":["GET"]}}],"collection":[{"href":"https:\/\/grupoalzia.com\/en\/wp-json\/wp\/v2\/pages"}],"about":[{"href":"https:\/\/grupoalzia.com\/en\/wp-json\/wp\/v2\/types\/page"}],"author":[{"embeddable":true,"href":"https:\/\/grupoalzia.com\/en\/wp-json\/wp\/v2\/users\/1"}],"replies":[{"embeddable":true,"href":"https:\/\/grupoalzia.com\/en\/wp-json\/wp\/v2\/comments?post=665"}],"version-history":[{"count":3,"href":"https:\/\/grupoalzia.com\/en\/wp-json\/wp\/v2\/pages\/665\/revisions"}],"predecessor-version":[{"id":669,"href":"https:\/\/grupoalzia.com\/en\/wp-json\/wp\/v2\/pages\/665\/revisions\/669"}],"wp:attachment":[{"href":"https:\/\/grupoalzia.com\/en\/wp-json\/wp\/v2\/media?parent=665"}],"curies":[{"name":"wp","href":"https:\/\/api.w.org\/{rel}","templated":true}]}}