{"id":670,"date":"2026-01-19T12:41:23","date_gmt":"2026-01-19T12:41:23","guid":{"rendered":"https:\/\/grey-hamster-728520.hostingersite.com\/area-economica-financiera\/"},"modified":"2026-03-09T12:22:09","modified_gmt":"2026-03-09T12:22:09","slug":"marketing","status":"publish","type":"page","link":"https:\/\/grupoalzia.com\/en\/marketing\/","title":{"rendered":"Marketing and Commercialization"},"content":{"rendered":"<div class=\"wp-block-uagb-container uagb-block-30d7bc21 alignfull uagb-is-root-container\"><div class=\"uagb-container-inner-blocks-wrap\">\n<div class=\"wp-block-uagb-advanced-heading uagb-block-2f3e4c74\"><h4 class=\"uagb-heading-text\">Services<\/h4><\/div>\n\n\n\n<div data-aos= \"fade-up\" data-aos-duration=\"400\" data-aos-delay=\"0\" data-aos-easing=\"ease\" data-aos-once=\"true\" class=\"wp-block-uagb-advanced-heading uagb-block-cd14e455\"><h1 class=\"uagb-heading-text\">Marketing y <br>Comercializaci\u00f3n<\/h1><div class=\"uagb-separator\"><\/div><p class=\"uagb-desc-text\">Estrategia de posicionamiento y venta de activos inmobiliarios<\/p><\/div>\n<\/div><\/div>\n\n\n\n<div class=\"wp-block-uagb-container uagb-block-21d5a2d0 alignfull uagb-is-root-container\"><div class=\"uagb-container-inner-blocks-wrap\">\n<div class=\"wp-block-uagb-advanced-heading uagb-block-6f5731e0\"><h2 class=\"uagb-heading-text\">La comercializaci\u00f3n como parte de la estrategia del activo<\/h2><p class=\"uagb-desc-text\">En Grupo Alzia abordamos el marketing y la comercializaci\u00f3n desde una perspectiva estrat\u00e9gica, alineada con la planificaci\u00f3n global del activo. La definici\u00f3n del posicionamiento, el an\u00e1lisis del mercado y la identificaci\u00f3n del cliente objetivo son elementos fundamentales para dise\u00f1ar una estrategia de venta coherente y eficaz.<br><br>Este enfoque permite anticipar escenarios, ajustar expectativas y orientar el desarrollo del proyecto hacia una correcta absorci\u00f3n en el mercado.<\/p><div class=\"uagb-separator\"><\/div><\/div>\n\n\n\n<div class=\"wp-block-uagb-container uagb-block-4b7d580f\">\n<div class=\"wp-block-uagb-container uagb-block-05c790bc\">\n<div class=\"wp-block-uagb-advanced-heading uagb-block-d65bf4ef\"><h6 class=\"uagb-heading-text\">01<\/h6><\/div>\n\n\n\n<div class=\"wp-block-uagb-advanced-heading uagb-block-2f7dc65c\"><h5 class=\"uagb-heading-text\">Estudio de mercado<\/h5><\/div>\n<\/div>\n\n\n\n<div class=\"wp-block-uagb-container uagb-block-38d21c4f\">\n<div class=\"wp-block-uagb-advanced-heading uagb-block-d5739989\"><h6 class=\"uagb-heading-text\">02<\/h6><\/div>\n\n\n\n<div class=\"wp-block-uagb-advanced-heading uagb-block-ac40a0ce\"><h5 class=\"uagb-heading-text\">An\u00e1lisis del producto inmobiliario<\/h5><\/div>\n<\/div>\n\n\n\n<div class=\"wp-block-uagb-container uagb-block-34925334\">\n<div class=\"wp-block-uagb-advanced-heading uagb-block-be27b685\"><h6 class=\"uagb-heading-text\">03<\/h6><\/div>\n\n\n\n<div class=\"wp-block-uagb-advanced-heading uagb-block-8ffe2a9c\"><h4 class=\"uagb-heading-text\">An\u00e1lisis del cliente potencial<\/h4><\/div>\n<\/div>\n<\/div>\n\n\n\n<div class=\"wp-block-uagb-container uagb-block-a51aa275\">\n<div class=\"wp-block-uagb-container uagb-block-d18758d4\">\n<div class=\"wp-block-uagb-advanced-heading uagb-block-3a2f2844\"><h6 class=\"uagb-heading-text\">04<\/h6><\/div>\n\n\n\n<div class=\"wp-block-uagb-advanced-heading uagb-block-aaf6045f\"><h4 class=\"uagb-heading-text\">Definici\u00f3n del precio de venta<\/h4><\/div>\n<\/div>\n\n\n\n<div class=\"wp-block-uagb-container uagb-block-e7e1d2f8\">\n<div class=\"wp-block-uagb-advanced-heading uagb-block-7f921ae9\"><h6 class=\"uagb-heading-text\">05<\/h6><\/div>\n\n\n\n<div class=\"wp-block-uagb-advanced-heading uagb-block-0a4dee51\"><h4 class=\"uagb-heading-text\">Elaboraci\u00f3n del plan de marketing<\/h4><\/div>\n<\/div>\n\n\n\n<div class=\"wp-block-uagb-container uagb-block-da020726\">\n<div class=\"wp-block-uagb-advanced-heading uagb-block-1f9ea1fb\"><h6 class=\"uagb-heading-text\">06<\/h6><\/div>\n\n\n\n<div class=\"wp-block-uagb-advanced-heading uagb-block-4950a744\"><h4 class=\"uagb-heading-text\">Definici\u00f3n del plan de venta<\/h4><\/div>\n<\/div>\n<\/div>\n<\/div><\/div>\n\n\n\n<div class=\"wp-block-uagb-container uagb-block-7bf30896 alignfull uagb-is-root-container\"><div class=\"uagb-container-inner-blocks-wrap\">\n<div class=\"wp-block-uagb-container uagb-block-95107aaa\">\n<div class=\"wp-block-uagb-advanced-heading uagb-block-2b5f49af\"><h3 class=\"uagb-heading-text\">Marketing integrado en la gesti\u00f3n 360\u00ba del activo<\/h3><div class=\"uagb-separator\"><\/div><p class=\"uagb-desc-text\">El servicio de Marketing y Comercializaci\u00f3n de Grupo Alzia se desarrolla de forma coordinada con las \u00e1reas de project management, consultor\u00eda t\u00e9cnica y gesti\u00f3n econ\u00f3mico-financiera, asegurando que la estrategia de venta est\u00e9 alineada con la realidad t\u00e9cnica, econ\u00f3mica y estrat\u00e9gica del activo.<br><br>Esta integraci\u00f3n permite definir un posicionamiento realista, coherente y ajustado a los objetivos del proyecto.<\/p><\/div>\n<\/div>\n<\/div><\/div>\n\n\n\n<div class=\"wp-block-uagb-container uagb-block-83a453f0 alignfull uagb-is-root-container\"><div class=\"uagb-container-inner-blocks-wrap\">\n<div class=\"wp-block-uagb-container uagb-block-536b0e7b\">\n<div class=\"wp-block-uagb-advanced-heading uagb-block-91c1e214\"><h3 class=\"uagb-heading-text\">Posicionamiento adecuado para maximizar el valor<\/h3><div class=\"uagb-separator\"><\/div><p class=\"uagb-desc-text\">La correcta definici\u00f3n del posicionamiento del activo es clave para su comercializaci\u00f3n. A trav\u00e9s del an\u00e1lisis del mercado y del producto, trabajamos para identificar el encaje \u00f3ptimo entre el activo y su p\u00fablico objetivo.<br><br>Este enfoque permite establecer precios coherentes, dise\u00f1ar planes de venta realistas y evitar desviaciones que puedan afectar negativamente al valor del inmueble.<\/p><\/div>\n<\/div>\n<\/div><\/div>\n\n\n\n<div class=\"wp-block-uagb-container uagb-block-808d9dc2 alignfull uagb-is-root-container\"><div class=\"uagb-container-inner-blocks-wrap\">\n<div class=\"wp-block-uagb-advanced-heading uagb-block-7566d5a2\"><h2 class=\"uagb-heading-text\">\u00bfQu\u00e9 aporta nuestro servicio de Marketing y Comercializaci\u00f3n?<\/h2><div class=\"uagb-separator\"><\/div><\/div>\n\n\n\n<div class=\"wp-block-uagb-container uagb-block-2f26de08\">\n<div class=\"wp-block-uagb-container uagb-block-d5e320d6\">\n<div class=\"wp-block-uagb-advanced-heading uagb-block-b7dc8069\"><h5 class=\"uagb-heading-text\">Posicionamiento adecuado del activo en el mercado<\/h5><\/div>\n<\/div>\n\n\n\n<div class=\"wp-block-uagb-container uagb-block-b08e8f63\">\n<div class=\"wp-block-uagb-advanced-heading uagb-block-007bbc4e\"><h5 class=\"uagb-heading-text\">Definici\u00f3n de precios coherentes y realistas<\/h5><\/div>\n<\/div>\n\n\n\n<div class=\"wp-block-uagb-container uagb-block-45a8aeae\">\n<div class=\"wp-block-uagb-advanced-heading uagb-block-b96aad01\"><h5 class=\"uagb-heading-text\">Estrategias de venta alineadas con la planificaci\u00f3n del proyecto<\/h5><\/div>\n<\/div>\n<\/div>\n\n\n\n<div class=\"wp-block-uagb-container uagb-block-29de6c71\">\n<div class=\"wp-block-uagb-container uagb-block-47c849a0\">\n<div class=\"wp-block-uagb-advanced-heading uagb-block-1e527d95\"><h5 class=\"uagb-heading-text\">Mejor encaje entre producto y cliente potencial<\/h5><\/div>\n<\/div>\n\n\n\n<div class=\"wp-block-uagb-container uagb-block-5c3011b0\">\n<div class=\"wp-block-uagb-advanced-heading uagb-block-5a0cc44c\"><h5 class=\"uagb-heading-text\">Optimizaci\u00f3n del proceso de comercializaci\u00f3n<\/h5><\/div>\n<\/div>\n\n\n\n<div class=\"wp-block-uagb-container uagb-block-3ac5a252\">\n<div class=\"wp-block-uagb-advanced-heading uagb-block-dacb36a1\"><h5 class=\"uagb-heading-text\">Protecci\u00f3n del valor del activo<\/h5><\/div>\n<\/div>\n<\/div>\n<\/div><\/div>\n\n\n\n<div class=\"wp-block-uagb-container uagb-block-77884b40 alignfull uagb-is-root-container\"><div class=\"uagb-container-inner-blocks-wrap\">\n<div class=\"wp-block-uagb-container uagb-block-78066e8c\">\n<div class=\"wp-block-uagb-advanced-heading uagb-block-f9f07924\"><h3 class=\"uagb-heading-text\">El servicio de Marketing y Comercializaci\u00f3n de Grupo Alzia completa el ciclo de gesti\u00f3n del activo, asegurando una correcta puesta en valor y salida al mercado<\/h3><div class=\"uagb-separator\"><\/div><\/div>\n\n\n\n<div class=\"wp-block-uagb-buttons uagb-buttons__outer-wrap uagb-btn__default-btn uagb-btn-tablet__default-btn uagb-btn-mobile__default-btn uagb-block-84f5da1c\"><div class=\"uagb-buttons__wrap uagb-buttons-layout-wrap\">\n<div class=\"wp-block-uagb-buttons-child uagb-buttons__outer-wrap uagb-block-63567213 wp-block-button\"><div class=\"uagb-button__wrapper\"><a class=\"uagb-buttons-repeater wp-block-button__link\" aria-label=\"\" href=\"#\" rel=\"follow noopener\" target=\"_self\" role=\"button\"><div class=\"uagb-button__link\">\u00c1rea economico-financiera<\/div><\/a><\/div><\/div>\n\n\n\n<div class=\"wp-block-uagb-buttons-child uagb-buttons__outer-wrap uagb-block-4a1abc6c wp-block-button\"><div class=\"uagb-button__wrapper\"><a class=\"uagb-buttons-repeater wp-block-button__link\" aria-label=\"\" href=\"#\" rel=\"follow noopener\" target=\"_self\" role=\"button\"><div class=\"uagb-button__link\">project management<\/div><\/a><\/div><\/div>\n<\/div><\/div>\n<\/div>\n<\/div><\/div>","protected":false},"excerpt":{"rendered":"<p>Servicios Marketing y Comercializaci\u00f3n Estrategia de posicionamiento y venta de activos inmobiliarios La comercializaci\u00f3n como parte de la estrategia del activo En Grupo Alzia abordamos el marketing y la comercializaci\u00f3n desde una perspectiva estrat\u00e9gica, alineada con la planificaci\u00f3n global del activo. La definici\u00f3n del posicionamiento, el an\u00e1lisis del mercado y la identificaci\u00f3n del cliente objetivo [&hellip;]<\/p>","protected":false},"author":1,"featured_media":0,"parent":0,"menu_order":0,"comment_status":"closed","ping_status":"closed","template":"","meta":{"_uag_custom_page_level_css":"","site-sidebar-layout":"no-sidebar","site-content-layout":"page-builder","ast-site-content-layout":"full-width-container","site-content-style":"unboxed","site-sidebar-style":"unboxed","ast-global-header-display":"","ast-banner-title-visibility":"","ast-main-header-display":"","ast-hfb-above-header-display":"","ast-hfb-below-header-display":"","ast-hfb-mobile-header-display":"","site-post-title":"disabled","ast-breadcrumbs-content":"","ast-featured-img":"","footer-sml-layout":"","ast-disable-related-posts":"","theme-transparent-header-meta":"enabled","adv-header-id-meta":"","stick-header-meta":"","header-above-stick-meta":"","header-main-stick-meta":"","header-below-stick-meta":"","astra-migrate-meta-layouts":"set","ast-page-background-enabled":"default","ast-page-background-meta":{"desktop":{"background-color":"var(--ast-global-color-4)","background-image":"","background-repeat":"repeat","background-position":"center center","background-size":"auto","background-attachment":"scroll","background-type":"","background-media":"","overlay-type":"","overlay-color":"","overlay-opacity":"","overlay-gradient":""},"tablet":{"background-color":"","background-image":"","background-repeat":"repeat","background-position":"center center","background-size":"auto","background-attachment":"scroll","background-type":"","background-media":"","overlay-type":"","overlay-color":"","overlay-opacity":"","overlay-gradient":""},"mobile":{"background-color":"","background-image":"","background-repeat":"repeat","background-position":"center center","background-size":"auto","background-attachment":"scroll","background-type":"","background-media":"","overlay-type":"","overlay-color":"","overlay-opacity":"","overlay-gradient":""}},"ast-content-background-meta":{"desktop":{"background-color":"var(--ast-global-color-5)","background-image":"","background-repeat":"repeat","background-position":"center center","background-size":"auto","background-attachment":"scroll","background-type":"","background-media":"","overlay-type":"","overlay-color":"","overlay-opacity":"","overlay-gradient":""},"tablet":{"background-color":"var(--ast-global-color-5)","background-image":"","background-repeat":"repeat","background-position":"center center","background-size":"auto","background-attachment":"scroll","background-type":"","background-media":"","overlay-type":"","overlay-color":"","overlay-opacity":"","overlay-gradient":""},"mobile":{"background-color":"var(--ast-global-color-5)","background-image":"","background-repeat":"repeat","background-position":"center center","background-size":"auto","background-attachment":"scroll","background-type":"","background-media":"","overlay-type":"","overlay-color":"","overlay-opacity":"","overlay-gradient":""}},"footnotes":""},"class_list":["post-670","page","type-page","status-publish","hentry"],"uagb_featured_image_src":{"full":false,"thumbnail":false,"medium":false,"medium_large":false,"large":false,"1536x1536":false,"2048x2048":false,"trp-custom-language-flag":false},"uagb_author_info":{"display_name":"info.diccardi@gmail.com","author_link":"https:\/\/grupoalzia.com\/en\/author\/info-diccardigmail-com\/"},"uagb_comment_info":0,"uagb_excerpt":"Servicios Marketing y Comercializaci\u00f3n Estrategia de posicionamiento y venta de activos inmobiliarios La comercializaci\u00f3n como parte de la estrategia del activo En Grupo Alzia abordamos el marketing y la comercializaci\u00f3n desde una perspectiva estrat\u00e9gica, alineada con la planificaci\u00f3n global del activo. La definici\u00f3n del posicionamiento, el an\u00e1lisis del mercado y la identificaci\u00f3n del cliente objetivo&hellip;","_links":{"self":[{"href":"https:\/\/grupoalzia.com\/en\/wp-json\/wp\/v2\/pages\/670","targetHints":{"allow":["GET"]}}],"collection":[{"href":"https:\/\/grupoalzia.com\/en\/wp-json\/wp\/v2\/pages"}],"about":[{"href":"https:\/\/grupoalzia.com\/en\/wp-json\/wp\/v2\/types\/page"}],"author":[{"embeddable":true,"href":"https:\/\/grupoalzia.com\/en\/wp-json\/wp\/v2\/users\/1"}],"replies":[{"embeddable":true,"href":"https:\/\/grupoalzia.com\/en\/wp-json\/wp\/v2\/comments?post=670"}],"version-history":[{"count":8,"href":"https:\/\/grupoalzia.com\/en\/wp-json\/wp\/v2\/pages\/670\/revisions"}],"predecessor-version":[{"id":729,"href":"https:\/\/grupoalzia.com\/en\/wp-json\/wp\/v2\/pages\/670\/revisions\/729"}],"wp:attachment":[{"href":"https:\/\/grupoalzia.com\/en\/wp-json\/wp\/v2\/media?parent=670"}],"curies":[{"name":"wp","href":"https:\/\/api.w.org\/{rel}","templated":true}]}}