{"id":695,"date":"2026-02-08T19:35:09","date_gmt":"2026-02-08T19:35:09","guid":{"rendered":"https:\/\/grupoalzia.com\/servicios-2\/"},"modified":"2026-02-08T19:49:53","modified_gmt":"2026-02-08T19:49:53","slug":"sectores","status":"publish","type":"page","link":"https:\/\/grupoalzia.com\/en\/sectores\/","title":{"rendered":"Sectors"},"content":{"rendered":"<div class=\"wp-block-uagb-container uagb-block-30d7bc21 alignfull uagb-is-root-container\"><div class=\"uagb-container-inner-blocks-wrap\">\n<div class=\"wp-block-uagb-advanced-heading uagb-block-1a286152\"><h4 class=\"uagb-heading-text\">Alzia Group<\/h4><\/div>\n\n\n\n<div data-aos= \"fade-up\" data-aos-duration=\"400\" data-aos-delay=\"0\" data-aos-easing=\"ease\" data-aos-once=\"true\" class=\"wp-block-uagb-advanced-heading uagb-block-cd14e455\"><h1 class=\"uagb-heading-text\">Sectores de Especializaci\u00f3n<\/h1><div class=\"uagb-separator\"><\/div><p class=\"uagb-desc-text\">Gesti\u00f3n integral adaptada a cada tipolog\u00eda de activo inmobiliario.<\/p><\/div>\n<\/div><\/div>\n\n\n\n<div class=\"wp-block-uagb-container uagb-block-76686eff alignfull uagb-is-root-container\"><div class=\"uagb-container-inner-blocks-wrap\">\n<div class=\"wp-block-uagb-advanced-heading uagb-block-b7529bdb\"><h2 class=\"uagb-heading-text\">\u00bfPor qu\u00e9 es tan importante?<\/h2><p class=\"uagb-desc-text\">En Grupo Alzia entendemos que cada tipolog\u00eda de activo inmobiliario presenta retos espec\u00edficos a nivel t\u00e9cnico, operativo, legal y econ\u00f3mico. Por este motivo, adaptamos nuestro modelo de gesti\u00f3n integral a las particularidades de cada sector, aplicando criterios ajustados a su uso, complejidad y objetivos.<br><br>Nuestra experiencia en distintos sectores nos permite abordar cada proyecto con una visi\u00f3n realista, estructurada y alineada con su contexto operativo.<\/p><div class=\"uagb-separator\"><\/div><\/div>\n<\/div><\/div>\n\n\n\n<div class=\"wp-block-uagb-container uagb-block-1f082917 alignfull uagb-is-root-container\"><div class=\"uagb-container-inner-blocks-wrap\">\n<div class=\"wp-block-uagb-container uagb-block-cb51aae9\">\n<div class=\"wp-block-uagb-advanced-heading uagb-block-f2106941\"><h6 class=\"uagb-heading-text\">01<\/h6><\/div>\n\n\n\n<div class=\"wp-block-uagb-advanced-heading uagb-block-1ae7d129\"><h3 class=\"uagb-heading-text\">Residential<\/h3><div class=\"uagb-separator\"><\/div><p class=\"uagb-desc-text\">Gesti\u00f3n integral de activos residenciales, desde promociones y rehabilitaciones hasta la explotaci\u00f3n y mantenimiento, con enfoque en eficiencia, control y valor a largo plazo.<\/p><\/div>\n\n\n\n<div class=\"wp-block-uagb-buttons uagb-buttons__outer-wrap uagb-btn__default-btn uagb-btn-tablet__default-btn uagb-btn-mobile__default-btn uagb-block-1975dc87\"><div class=\"uagb-buttons__wrap uagb-buttons-layout-wrap\">\n<div class=\"wp-block-uagb-buttons-child uagb-buttons__outer-wrap uagb-block-ed7174a7 wp-block-button\"><div class=\"uagb-button__wrapper\"><a class=\"uagb-buttons-repeater wp-block-button__link\" aria-label=\"\" href=\"#\" rel=\"follow noopener\" target=\"_self\" role=\"button\"><div class=\"uagb-button__link\">VER Residencial<\/div><\/a><\/div><\/div>\n<\/div><\/div>\n<\/div>\n\n\n\n<div class=\"wp-block-uagb-container uagb-block-171fdc51\">\n<div class=\"wp-block-uagb-image uagb-block-412be4db wp-block-uagb-image--layout-default wp-block-uagb-image--effect-static wp-block-uagb-image--align-none\"><figure class=\"wp-block-uagb-image__figure\"><img decoding=\"async\" srcset=\"https:\/\/grupoalzia.com\/wp-content\/uploads\/2025\/12\/pexels-ian-panelo-3454077-scaled.jpg ,https:\/\/grupoalzia.com\/wp-content\/uploads\/2025\/12\/pexels-ian-panelo-3454077-scaled.jpg 780w, https:\/\/grupoalzia.com\/wp-content\/uploads\/2025\/12\/pexels-ian-panelo-3454077-scaled.jpg 360w\" sizes=\"auto, (max-width: 480px) 150px\" src=\"https:\/\/grupoalzia.com\/wp-content\/uploads\/2025\/12\/pexels-ian-panelo-3454077-scaled.jpg\" alt=\"\" class=\"uag-image-526\" width=\"2560\" height=\"1707\" title=\"pexels-ian-panelo-3454077\" loading=\"lazy\" role=\"img\"\/><\/figure><\/div>\n<\/div>\n<\/div><\/div>\n\n\n\n<div class=\"wp-block-uagb-container uagb-block-cd8c07d3 alignfull uagb-is-root-container\"><div class=\"uagb-container-inner-blocks-wrap\">\n<div class=\"wp-block-uagb-container uagb-block-c8c311e7\">\n<div class=\"wp-block-uagb-image uagb-block-a695d2a7 wp-block-uagb-image--layout-default wp-block-uagb-image--effect-static wp-block-uagb-image--align-none\"><figure class=\"wp-block-uagb-image__figure\"><img decoding=\"async\" srcset=\"https:\/\/grupoalzia.com\/wp-content\/uploads\/2026\/01\/pexels-nextvoyage-3772157-1024x768.jpg ,https:\/\/grupoalzia.com\/wp-content\/uploads\/2026\/01\/pexels-nextvoyage-3772157-scaled.jpg 780w, https:\/\/grupoalzia.com\/wp-content\/uploads\/2026\/01\/pexels-nextvoyage-3772157-scaled.jpg 360w\" sizes=\"auto, (max-width: 480px) 150px\" src=\"https:\/\/grupoalzia.com\/wp-content\/uploads\/2026\/01\/pexels-nextvoyage-3772157-1024x768.jpg\" alt=\"\" class=\"uag-image-611\" width=\"1024\" height=\"768\" title=\"pexels-nextvoyage-3772157\" loading=\"lazy\" role=\"img\"\/><\/figure><\/div>\n<\/div>\n\n\n\n<div class=\"wp-block-uagb-container uagb-block-cf0aa823\">\n<div class=\"wp-block-uagb-advanced-heading uagb-block-673e3959\"><h6 class=\"uagb-heading-text\">02<\/h6><\/div>\n\n\n\n<div class=\"wp-block-uagb-advanced-heading uagb-block-4ebb2dd0\"><h3 class=\"uagb-heading-text\">Hospitality<\/h3><div class=\"uagb-separator\"><\/div><p class=\"uagb-desc-text\">Gesti\u00f3n de activos hoteleros y tur\u00edsticos donde la coordinaci\u00f3n operativa, el control de costes y la experiencia del usuario final son claves para la rentabilidad.<\/p><\/div>\n\n\n\n<div class=\"wp-block-uagb-buttons uagb-buttons__outer-wrap uagb-btn__default-btn uagb-btn-tablet__default-btn uagb-btn-mobile__default-btn uagb-block-05b0fea5\"><div class=\"uagb-buttons__wrap uagb-buttons-layout-wrap\">\n<div class=\"wp-block-uagb-buttons-child uagb-buttons__outer-wrap uagb-block-4374f426 wp-block-button\"><div class=\"uagb-button__wrapper\"><a class=\"uagb-buttons-repeater wp-block-button__link\" aria-label=\"\" href=\"#\" rel=\"follow noopener\" target=\"_self\" role=\"button\"><div class=\"uagb-button__link\">ver hospitality<\/div><\/a><\/div><\/div>\n<\/div><\/div>\n<\/div>\n<\/div><\/div>\n\n\n\n<div class=\"wp-block-uagb-container uagb-block-b3adff06 alignfull uagb-is-root-container\"><div class=\"uagb-container-inner-blocks-wrap\">\n<div class=\"wp-block-uagb-container uagb-block-85a074dd\">\n<div class=\"wp-block-uagb-advanced-heading uagb-block-82227122\"><h6 class=\"uagb-heading-text\">03<\/h6><\/div>\n\n\n\n<div class=\"wp-block-uagb-advanced-heading uagb-block-2dd10dca\"><h3 class=\"uagb-heading-text\">Senior Living<\/h3><div class=\"uagb-separator\"><\/div><p class=\"uagb-desc-text\">Gesti\u00f3n de activos comerciales adaptados a la din\u00e1mica del mercado, el comportamiento del consumidor y la optimizaci\u00f3n del espacio.<\/p><\/div>\n\n\n\n<div class=\"wp-block-uagb-buttons uagb-buttons__outer-wrap uagb-btn__default-btn uagb-btn-tablet__default-btn uagb-btn-mobile__default-btn uagb-block-12b66537\"><div class=\"uagb-buttons__wrap uagb-buttons-layout-wrap\">\n<div class=\"wp-block-uagb-buttons-child uagb-buttons__outer-wrap uagb-block-884851c6 wp-block-button\"><div class=\"uagb-button__wrapper\"><a class=\"uagb-buttons-repeater wp-block-button__link\" aria-label=\"\" href=\"#\" rel=\"follow noopener\" target=\"_self\" role=\"button\"><div class=\"uagb-button__link\">VER senior living<\/div><\/a><\/div><\/div>\n<\/div><\/div>\n<\/div>\n\n\n\n<div class=\"wp-block-uagb-container uagb-block-a988b8bf\">\n<div class=\"wp-block-uagb-image uagb-block-a71235c7 wp-block-uagb-image--layout-default wp-block-uagb-image--effect-static wp-block-uagb-image--align-none\"><figure class=\"wp-block-uagb-image__figure\"><img decoding=\"async\" srcset=\"https:\/\/grupoalzia.com\/wp-content\/uploads\/2025\/12\/pexels-willianjusten-16116222-scaled.jpg ,https:\/\/grupoalzia.com\/wp-content\/uploads\/2025\/12\/pexels-willianjusten-16116222-scaled.jpg 780w, https:\/\/grupoalzia.com\/wp-content\/uploads\/2025\/12\/pexels-willianjusten-16116222-scaled.jpg 360w\" sizes=\"auto, (max-width: 480px) 150px\" src=\"https:\/\/grupoalzia.com\/wp-content\/uploads\/2025\/12\/pexels-willianjusten-16116222-scaled.jpg\" alt=\"\" class=\"uag-image-524\" width=\"2560\" height=\"1920\" title=\"pexels-willianjusten-16116222\" loading=\"lazy\" role=\"img\"\/><\/figure><\/div>\n<\/div>\n<\/div><\/div>\n\n\n\n<div class=\"wp-block-uagb-container uagb-block-77884b40 alignfull uagb-is-root-container\"><div class=\"uagb-container-inner-blocks-wrap\">\n<div class=\"wp-block-uagb-container uagb-block-78066e8c\">\n<div class=\"wp-block-uagb-advanced-heading uagb-block-f9f07924\"><h3 class=\"uagb-heading-text\">Nuestra experiencia en distintos sectores nos permite adaptar el modelo de gesti\u00f3n integral de Grupo Alzia a las particularidades de cada activo inmobiliario.<\/h3><div class=\"uagb-separator\"><\/div><\/div>\n\n\n\n<div class=\"wp-block-uagb-buttons uagb-buttons__outer-wrap uagb-btn__default-btn uagb-btn-tablet__default-btn uagb-btn-mobile__default-btn uagb-block-9e0cebc7\"><div class=\"uagb-buttons__wrap uagb-buttons-layout-wrap\">\n<div class=\"wp-block-uagb-buttons-child uagb-buttons__outer-wrap uagb-block-7ecdbb5d wp-block-button\"><div class=\"uagb-button__wrapper\"><a class=\"uagb-buttons-repeater wp-block-button__link\" aria-label=\"\" href=\"#\" rel=\"follow noopener\" target=\"_self\" role=\"button\"><div class=\"uagb-button__link\">Nuestros servicios<\/div><\/a><\/div><\/div>\n\n\n\n<div class=\"wp-block-uagb-buttons-child uagb-buttons__outer-wrap uagb-block-30b1ebc8 wp-block-button\"><div class=\"uagb-button__wrapper\"><a class=\"uagb-buttons-repeater wp-block-button__link\" aria-label=\"\" href=\"#\" rel=\"follow noopener\" target=\"_self\" role=\"button\"><div class=\"uagb-button__link\">Methodology<\/div><\/a><\/div><\/div>\n<\/div><\/div>\n<\/div>\n<\/div><\/div>","protected":false},"excerpt":{"rendered":"<p>Grupo Alzia Sectores de Especializaci\u00f3n Gesti\u00f3n integral adaptada a cada tipolog\u00eda de activo inmobiliario. \u00bfPor qu\u00e9 es tan importante? En Grupo Alzia entendemos que cada tipolog\u00eda de activo inmobiliario presenta retos espec\u00edficos a nivel t\u00e9cnico, operativo, legal y econ\u00f3mico. Por este motivo, adaptamos nuestro modelo de gesti\u00f3n integral a las particularidades de cada sector, aplicando [&hellip;]<\/p>","protected":false},"author":1,"featured_media":0,"parent":0,"menu_order":0,"comment_status":"closed","ping_status":"closed","template":"","meta":{"_uag_custom_page_level_css":"","site-sidebar-layout":"no-sidebar","site-content-layout":"page-builder","ast-site-content-layout":"full-width-container","site-content-style":"unboxed","site-sidebar-style":"unboxed","ast-global-header-display":"","ast-banner-title-visibility":"","ast-main-header-display":"","ast-hfb-above-header-display":"","ast-hfb-below-header-display":"","ast-hfb-mobile-header-display":"","site-post-title":"disabled","ast-breadcrumbs-content":"","ast-featured-img":"","footer-sml-layout":"","ast-disable-related-posts":"","theme-transparent-header-meta":"enabled","adv-header-id-meta":"","stick-header-meta":"","header-above-stick-meta":"","header-main-stick-meta":"","header-below-stick-meta":"","astra-migrate-meta-layouts":"set","ast-page-background-enabled":"default","ast-page-background-meta":{"desktop":{"background-color":"var(--ast-global-color-4)","background-image":"","background-repeat":"repeat","background-position":"center center","background-size":"auto","background-attachment":"scroll","background-type":"","background-media":"","overlay-type":"","overlay-color":"","overlay-opacity":"","overlay-gradient":""},"tablet":{"background-color":"","background-image":"","background-repeat":"repeat","background-position":"center center","background-size":"auto","background-attachment":"scroll","background-type":"","background-media":"","overlay-type":"","overlay-color":"","overlay-opacity":"","overlay-gradient":""},"mobile":{"background-color":"","background-image":"","background-repeat":"repeat","background-position":"center center","background-size":"auto","background-attachment":"scroll","background-type":"","background-media":"","overlay-type":"","overlay-color":"","overlay-opacity":"","overlay-gradient":""}},"ast-content-background-meta":{"desktop":{"background-color":"var(--ast-global-color-5)","background-image":"","background-repeat":"repeat","background-position":"center center","background-size":"auto","background-attachment":"scroll","background-type":"","background-media":"","overlay-type":"","overlay-color":"","overlay-opacity":"","overlay-gradient":""},"tablet":{"background-color":"var(--ast-global-color-5)","background-image":"","background-repeat":"repeat","background-position":"center center","background-size":"auto","background-attachment":"scroll","background-type":"","background-media":"","overlay-type":"","overlay-color":"","overlay-opacity":"","overlay-gradient":""},"mobile":{"background-color":"var(--ast-global-color-5)","background-image":"","background-repeat":"repeat","background-position":"center center","background-size":"auto","background-attachment":"scroll","background-type":"","background-media":"","overlay-type":"","overlay-color":"","overlay-opacity":"","overlay-gradient":""}},"footnotes":""},"class_list":["post-695","page","type-page","status-publish","hentry"],"uagb_featured_image_src":{"full":false,"thumbnail":false,"medium":false,"medium_large":false,"large":false,"1536x1536":false,"2048x2048":false,"trp-custom-language-flag":false},"uagb_author_info":{"display_name":"info.diccardi@gmail.com","author_link":"https:\/\/grupoalzia.com\/en\/author\/info-diccardigmail-com\/"},"uagb_comment_info":0,"uagb_excerpt":"Grupo Alzia Sectores de Especializaci\u00f3n Gesti\u00f3n integral adaptada a cada tipolog\u00eda de activo inmobiliario. \u00bfPor qu\u00e9 es tan importante? En Grupo Alzia entendemos que cada tipolog\u00eda de activo inmobiliario presenta retos espec\u00edficos a nivel t\u00e9cnico, operativo, legal y econ\u00f3mico. Por este motivo, adaptamos nuestro modelo de gesti\u00f3n integral a las particularidades de cada sector, aplicando&hellip;","_links":{"self":[{"href":"https:\/\/grupoalzia.com\/en\/wp-json\/wp\/v2\/pages\/695","targetHints":{"allow":["GET"]}}],"collection":[{"href":"https:\/\/grupoalzia.com\/en\/wp-json\/wp\/v2\/pages"}],"about":[{"href":"https:\/\/grupoalzia.com\/en\/wp-json\/wp\/v2\/types\/page"}],"author":[{"embeddable":true,"href":"https:\/\/grupoalzia.com\/en\/wp-json\/wp\/v2\/users\/1"}],"replies":[{"embeddable":true,"href":"https:\/\/grupoalzia.com\/en\/wp-json\/wp\/v2\/comments?post=695"}],"version-history":[{"count":3,"href":"https:\/\/grupoalzia.com\/en\/wp-json\/wp\/v2\/pages\/695\/revisions"}],"predecessor-version":[{"id":698,"href":"https:\/\/grupoalzia.com\/en\/wp-json\/wp\/v2\/pages\/695\/revisions\/698"}],"wp:attachment":[{"href":"https:\/\/grupoalzia.com\/en\/wp-json\/wp\/v2\/media?parent=695"}],"curies":[{"name":"wp","href":"https:\/\/api.w.org\/{rel}","templated":true}]}}