{"id":703,"date":"2026-02-08T19:56:52","date_gmt":"2026-02-08T19:56:52","guid":{"rendered":"https:\/\/grupoalzia.com\/residencial-2\/"},"modified":"2026-02-08T20:00:51","modified_gmt":"2026-02-08T20:00:51","slug":"hospitality","status":"publish","type":"page","link":"https:\/\/grupoalzia.com\/en\/hospitality\/","title":{"rendered":"Hospitality"},"content":{"rendered":"<div class=\"wp-block-uagb-container uagb-block-30d7bc21 alignfull uagb-is-root-container\"><div class=\"uagb-container-inner-blocks-wrap\">\n<div class=\"wp-block-uagb-advanced-heading uagb-block-2f3e4c74\"><h4 class=\"uagb-heading-text\">Sectors<\/h4><\/div>\n\n\n\n<div data-aos= \"fade-up\" data-aos-duration=\"400\" data-aos-delay=\"0\" data-aos-easing=\"ease\" data-aos-once=\"true\" class=\"wp-block-uagb-advanced-heading uagb-block-cd14e455\"><h1 class=\"uagb-heading-text\">Hospitality<\/h1><div class=\"uagb-separator\"><\/div><p class=\"uagb-desc-text\">Gesti\u00f3n integral de activos hoteleros y tur\u00edsticos.<\/p><\/div>\n<\/div><\/div>\n\n\n\n<div class=\"wp-block-uagb-container uagb-block-21d5a2d0 alignfull uagb-is-root-container\"><div class=\"uagb-container-inner-blocks-wrap\">\n<div class=\"wp-block-uagb-advanced-heading uagb-block-6f5731e0\"><h2 class=\"uagb-heading-text\">Un enfoque integral de activos hospitality<\/h2><p class=\"uagb-desc-text\">Los activos del sector hospitality presentan una elevada complejidad operativa, donde la gesti\u00f3n diaria, la experiencia del usuario final y el control de costes influyen directamente en la rentabilidad del proyecto.<br><br>En Grupo Alzia abordamos este tipo de activos desde una visi\u00f3n integral, coordinando las \u00e1reas t\u00e9cnicas, operativas, econ\u00f3micas y legales para garantizar su viabilidad y posicionamiento en el mercado.<\/p><div class=\"uagb-separator\"><\/div><\/div>\n\n\n\n<div class=\"wp-block-uagb-advanced-heading uagb-block-b44538c9\"><h2 class=\"uagb-heading-text\">Retos del sector hospitality<\/h2><\/div>\n\n\n\n<div class=\"wp-block-uagb-container uagb-block-4b7d580f\">\n<div class=\"wp-block-uagb-container uagb-block-05c790bc\">\n<div class=\"wp-block-uagb-advanced-heading uagb-block-d65bf4ef\"><h6 class=\"uagb-heading-text\">01<\/h6><\/div>\n\n\n\n<div class=\"wp-block-uagb-advanced-heading uagb-block-2f7dc65c\"><h5 class=\"uagb-heading-text\">Alta complejidad operativa<\/h5><\/div>\n<\/div>\n\n\n\n<div class=\"wp-block-uagb-container uagb-block-38d21c4f\">\n<div class=\"wp-block-uagb-advanced-heading uagb-block-d5739989\"><h6 class=\"uagb-heading-text\">02<\/h6><\/div>\n\n\n\n<div class=\"wp-block-uagb-advanced-heading uagb-block-ac40a0ce\"><h5 class=\"uagb-heading-text\">Control de costes operativos y financieros<\/h5><\/div>\n<\/div>\n\n\n\n<div class=\"wp-block-uagb-container uagb-block-34925334\">\n<div class=\"wp-block-uagb-advanced-heading uagb-block-be27b685\"><h6 class=\"uagb-heading-text\">03<\/h6><\/div>\n\n\n\n<div class=\"wp-block-uagb-advanced-heading uagb-block-8ffe2a9c\"><h4 class=\"uagb-heading-text\">Coordinaci\u00f3n entre explotaci\u00f3n y mantenimiento<\/h4><\/div>\n<\/div>\n<\/div>\n\n\n\n<div class=\"wp-block-uagb-container uagb-block-a51aa275\">\n<div class=\"wp-block-uagb-container uagb-block-d18758d4\">\n<div class=\"wp-block-uagb-advanced-heading uagb-block-3a2f2844\"><h6 class=\"uagb-heading-text\">04<\/h6><\/div>\n\n\n\n<div class=\"wp-block-uagb-advanced-heading uagb-block-aaf6045f\"><h4 class=\"uagb-heading-text\">Cumplimiento normativo espec\u00edfico<\/h4><\/div>\n<\/div>\n\n\n\n<div class=\"wp-block-uagb-container uagb-block-e7e1d2f8\">\n<div class=\"wp-block-uagb-advanced-heading uagb-block-7f921ae9\"><h6 class=\"uagb-heading-text\">05<\/h6><\/div>\n\n\n\n<div class=\"wp-block-uagb-advanced-heading uagb-block-0a4dee51\"><h4 class=\"uagb-heading-text\">Adaptaci\u00f3n a la demanda y estacionalidad<br><\/h4><\/div>\n<\/div>\n\n\n\n<div class=\"wp-block-uagb-container uagb-block-da020726\">\n<div class=\"wp-block-uagb-advanced-heading uagb-block-1f9ea1fb\"><h6 class=\"uagb-heading-text\">06<\/h6><\/div>\n\n\n\n<div class=\"wp-block-uagb-advanced-heading uagb-block-4950a744\"><h4 class=\"uagb-heading-text\">Protecci\u00f3n del valor del activo en el tiempo<\/h4><\/div>\n<\/div>\n<\/div>\n<\/div><\/div>\n\n\n\n<div class=\"wp-block-uagb-container uagb-block-7bf30896 alignfull uagb-is-root-container\"><div class=\"uagb-container-inner-blocks-wrap\">\n<div class=\"wp-block-uagb-container uagb-block-95107aaa\">\n<div class=\"wp-block-uagb-advanced-heading uagb-block-2b5f49af\"><h3 class=\"uagb-heading-text\">Nuestro enfoque en activos hospitality<\/h3><div class=\"uagb-separator\"><\/div><p class=\"uagb-desc-text\">Grupo Alzia act\u00faa como estructura coordinadora en activos hospitality, integrando la gesti\u00f3n t\u00e9cnica, operativa y econ\u00f3mica dentro de un marco estrat\u00e9gico com\u00fan.<br><br>Este enfoque permite mantener el control del activo, anticipar desviaciones y asegurar que las decisiones operativas est\u00e9n alineadas con los objetivos del proyecto.<\/p><\/div>\n<\/div>\n<\/div><\/div>\n\n\n\n<div class=\"wp-block-uagb-container uagb-block-83a453f0 alignfull uagb-is-root-container\"><div class=\"uagb-container-inner-blocks-wrap\">\n<div class=\"wp-block-uagb-container uagb-block-536b0e7b\">\n<div class=\"wp-block-uagb-advanced-heading uagb-block-91c1e214\"><h3 class=\"uagb-heading-text\">Servicios aplicados al sector hospitality<\/h3><div class=\"uagb-separator\"><\/div><p class=\"uagb-desc-text\">En activos hospitality aplicamos de forma integrada los servicios de project management, consultor\u00eda t\u00e9cnica, facility management, gesti\u00f3n econ\u00f3mico-financiera y asesor\u00eda legal, asegurando una gesti\u00f3n ordenada y coherente en todas las fases del activo.<\/p><\/div>\n<\/div>\n<\/div><\/div>\n\n\n\n<div class=\"wp-block-uagb-container uagb-block-77884b40 alignfull uagb-is-root-container\"><div class=\"uagb-container-inner-blocks-wrap\">\n<div class=\"wp-block-uagb-container uagb-block-78066e8c\">\n<div class=\"wp-block-uagb-advanced-heading uagb-block-f9f07924\"><h3 class=\"uagb-heading-text\">La gesti\u00f3n de activos hospitality requiere control operativo, visi\u00f3n estrat\u00e9gica y coordinaci\u00f3n permanente.<\/h3><div class=\"uagb-separator\"><\/div><\/div>\n\n\n\n<div class=\"wp-block-uagb-buttons uagb-buttons__outer-wrap uagb-btn__default-btn uagb-btn-tablet__default-btn uagb-btn-mobile__default-btn uagb-block-84f5da1c\"><div class=\"uagb-buttons__wrap uagb-buttons-layout-wrap\">\n<div class=\"wp-block-uagb-buttons-child uagb-buttons__outer-wrap uagb-block-9879db10 wp-block-button\"><div class=\"uagb-button__wrapper\"><a class=\"uagb-buttons-repeater wp-block-button__link\" aria-label=\"\" href=\"#\" rel=\"follow noopener\" target=\"_self\" role=\"button\"><div class=\"uagb-button__link\">residencial<\/div><\/a><\/div><\/div>\n\n\n\n<div class=\"wp-block-uagb-buttons-child uagb-buttons__outer-wrap uagb-block-63567213 wp-block-button\"><div class=\"uagb-button__wrapper\"><a class=\"uagb-buttons-repeater wp-block-button__link\" aria-label=\"\" href=\"#\" rel=\"follow noopener\" target=\"_self\" role=\"button\"><div class=\"uagb-button__link\">senior living<\/div><\/a><\/div><\/div>\n<\/div><\/div>\n<\/div>\n<\/div><\/div>","protected":false},"excerpt":{"rendered":"<p>Sectores Hospitality Gesti\u00f3n integral de activos hoteleros y tur\u00edsticos. Un enfoque integral de activos hospitality Los activos del sector hospitality presentan una elevada complejidad operativa, donde la gesti\u00f3n diaria, la experiencia del usuario final y el control de costes influyen directamente en la rentabilidad del proyecto. En Grupo Alzia abordamos este tipo de activos desde [&hellip;]<\/p>","protected":false},"author":1,"featured_media":0,"parent":0,"menu_order":0,"comment_status":"closed","ping_status":"closed","template":"","meta":{"_uag_custom_page_level_css":"","site-sidebar-layout":"no-sidebar","site-content-layout":"page-builder","ast-site-content-layout":"full-width-container","site-content-style":"unboxed","site-sidebar-style":"unboxed","ast-global-header-display":"","ast-banner-title-visibility":"","ast-main-header-display":"","ast-hfb-above-header-display":"","ast-hfb-below-header-display":"","ast-hfb-mobile-header-display":"","site-post-title":"disabled","ast-breadcrumbs-content":"","ast-featured-img":"","footer-sml-layout":"","ast-disable-related-posts":"","theme-transparent-header-meta":"enabled","adv-header-id-meta":"","stick-header-meta":"","header-above-stick-meta":"","header-main-stick-meta":"","header-below-stick-meta":"","astra-migrate-meta-layouts":"set","ast-page-background-enabled":"default","ast-page-background-meta":{"desktop":{"background-color":"var(--ast-global-color-4)","background-image":"","background-repeat":"repeat","background-position":"center center","background-size":"auto","background-attachment":"scroll","background-type":"","background-media":"","overlay-type":"","overlay-color":"","overlay-opacity":"","overlay-gradient":""},"tablet":{"background-color":"","background-image":"","background-repeat":"repeat","background-position":"center center","background-size":"auto","background-attachment":"scroll","background-type":"","background-media":"","overlay-type":"","overlay-color":"","overlay-opacity":"","overlay-gradient":""},"mobile":{"background-color":"","background-image":"","background-repeat":"repeat","background-position":"center center","background-size":"auto","background-attachment":"scroll","background-type":"","background-media":"","overlay-type":"","overlay-color":"","overlay-opacity":"","overlay-gradient":""}},"ast-content-background-meta":{"desktop":{"background-color":"var(--ast-global-color-5)","background-image":"","background-repeat":"repeat","background-position":"center center","background-size":"auto","background-attachment":"scroll","background-type":"","background-media":"","overlay-type":"","overlay-color":"","overlay-opacity":"","overlay-gradient":""},"tablet":{"background-color":"var(--ast-global-color-5)","background-image":"","background-repeat":"repeat","background-position":"center center","background-size":"auto","background-attachment":"scroll","background-type":"","background-media":"","overlay-type":"","overlay-color":"","overlay-opacity":"","overlay-gradient":""},"mobile":{"background-color":"var(--ast-global-color-5)","background-image":"","background-repeat":"repeat","background-position":"center center","background-size":"auto","background-attachment":"scroll","background-type":"","background-media":"","overlay-type":"","overlay-color":"","overlay-opacity":"","overlay-gradient":""}},"footnotes":""},"class_list":["post-703","page","type-page","status-publish","hentry"],"uagb_featured_image_src":{"full":false,"thumbnail":false,"medium":false,"medium_large":false,"large":false,"1536x1536":false,"2048x2048":false,"trp-custom-language-flag":false},"uagb_author_info":{"display_name":"info.diccardi@gmail.com","author_link":"https:\/\/grupoalzia.com\/en\/author\/info-diccardigmail-com\/"},"uagb_comment_info":0,"uagb_excerpt":"Sectores Hospitality Gesti\u00f3n integral de activos hoteleros y tur\u00edsticos. Un enfoque integral de activos hospitality Los activos del sector hospitality presentan una elevada complejidad operativa, donde la gesti\u00f3n diaria, la experiencia del usuario final y el control de costes influyen directamente en la rentabilidad del proyecto. En Grupo Alzia abordamos este tipo de activos desde&hellip;","_links":{"self":[{"href":"https:\/\/grupoalzia.com\/en\/wp-json\/wp\/v2\/pages\/703","targetHints":{"allow":["GET"]}}],"collection":[{"href":"https:\/\/grupoalzia.com\/en\/wp-json\/wp\/v2\/pages"}],"about":[{"href":"https:\/\/grupoalzia.com\/en\/wp-json\/wp\/v2\/types\/page"}],"author":[{"embeddable":true,"href":"https:\/\/grupoalzia.com\/en\/wp-json\/wp\/v2\/users\/1"}],"replies":[{"embeddable":true,"href":"https:\/\/grupoalzia.com\/en\/wp-json\/wp\/v2\/comments?post=703"}],"version-history":[{"count":3,"href":"https:\/\/grupoalzia.com\/en\/wp-json\/wp\/v2\/pages\/703\/revisions"}],"predecessor-version":[{"id":706,"href":"https:\/\/grupoalzia.com\/en\/wp-json\/wp\/v2\/pages\/703\/revisions\/706"}],"wp:attachment":[{"href":"https:\/\/grupoalzia.com\/en\/wp-json\/wp\/v2\/media?parent=703"}],"curies":[{"name":"wp","href":"https:\/\/api.w.org\/{rel}","templated":true}]}}